{"id":1366,"date":"2014-12-30T14:19:14","date_gmt":"2014-12-30T14:19:14","guid":{"rendered":"http:\/\/www.mts-tech.com\/home-2\/"},"modified":"2020-08-19T07:33:34","modified_gmt":"2020-08-19T07:33:34","slug":"home","status":"publish","type":"page","link":"https:\/\/www.mts-tech.com\/de\/","title":{"rendered":"Home"},"content":{"rendered":"<p>[et_pb_section fullwidth=&#8220;on&#8220; specialty=&#8220;off&#8220;][et_pb_fullwidth_slider admin_label=&#8220;Fullwidth Slider&#8220; show_arrows=&#8220;on&#8220; show_pagination=&#8220;on&#8220; auto=&#8220;on&#8220; parallax=&#8220;off&#8220; parallax_method=&#8220;off&#8220; module_id=&#8220;mainslider&#8220; auto_speed=&#8220;5000&#8243;][et_pb_slide background_image=&#8220;http:\/\/www.mts-tech.com\/wp-content\/uploads\/2014\/12\/photodune-2263400-the-golden-gate-bridge-in-san-francisco-with-beautiful-blue-ocea-m.jpg&#8220; background_color=&#8220;#ffffff&#8220; alignment=&#8220;center&#8220; background_layout=&#8220;dark&#8220; heading=&#8220;<strong>Wir bauen Br\u00fccken \u00fcber den Pazifischen Ozean, im kulturellen Bereich und im Bereich der Sprachen<\/strong>&#8220; \/][et_pb_slide background_image=&#8220;http:\/\/www.mts-tech.com\/wp-content\/uploads\/2014\/12\/photodune-218003-corporate-business-people-m.jpg&#8220; background_color=&#8220;#ffffff&#8220; alignment=&#8220;center&#8220; background_layout=&#8220;dark&#8220; heading=&#8220;<strong>Professionelle, termingerechte, vertrauliche und zuverl\u00e4ssige Dienstleistungen<\/strong>&#8220; \/][et_pb_slide background_image=&#8220;http:\/\/www.mts-tech.com\/wp-content\/uploads\/2014\/12\/Partner.jpg&#8220; background_color=&#8220;#ffffff&#8220; alignment=&#8220;center&#8220; background_layout=&#8220;dark&#8220; heading=&#8220;<strong> Ihr zuverl\u00e4ssiger Outsourcing Partner f\u00fcr asiatische Sprachen<\/strong>&#8220; \/][et_pb_slide background_image=&#8220;http:\/\/www.mts-tech.com\/wp-content\/uploads\/2014\/12\/Excellence.jpg&#8220; background_color=&#8220;#ffffff&#8220; alignment=&#8220;center&#8220; background_layout=&#8220;dark&#8220; heading=&#8220;<strong>20 Jahre Exzellenz in Sprachdienstleistungen<\/strong>&#8220; \/][\/et_pb_fullwidth_slider][\/et_pb_section][et_pb_section fullwidth=&#8220;off&#8220; specialty=&#8220;off&#8220;][et_pb_row][et_pb_column type=&#8220;2_3&#8243;][et_pb_text admin_label=&#8220;Text&#8220; background_layout=&#8220;light&#8220; text_orientation=&#8220;left&#8220;]<\/p>\n<div class=\"header-content clearfix\">\n<h3 style=\"text-align: justify;\">\u00dcber uns<\/h3>\n<\/div>\n<p style=\"text-align: justify;\"><!--StartFragment --><\/p>\n<div>Seit\u00a0mehr\u00a0als\u00a0einem\u00a0Jahrzehnt\u00a0hat\u00a0sich\u00a0MTS\u00a0f\u00fcr\u00a0die\u00a0Gew\u00e4hrleistung\u00a0der\u00a0h\u00f6chsten\u00a0Qualit\u00e4tsstandards\u00a0sowie\u00a0der<br \/>\numfangreichen\u00a0Kundenleistungen\u00a0eingesetzt\u00a0und hat sich von einem kleinen Unternehmen, dass sich im Besitz der Mitarbeiter befand, zu einem der gr\u00f6\u00dften \u00dcbersetzungs- und Lokalisierungsdienstleister in Asien entwickelt. Mit \u00fcber einem Team von ungef\u00e4hr 100 Vollzeit-Mitarbeiter, Sprachwissenschaftler und Projektmanager \u00fcbersetzen wir mehr als 50 Millionen W\u00f6rter im Jahr und bearbeiten viele Gro\u00dfprojekte, f\u00fcr Fortune 500 Unternehmen, wie auch f\u00fcr f\u00fchrende \u00dcbersetzungs- und Lokalisierungsdienstleister weltweit.<\/p>\n<p style=\"text-align: justify;\">Mit dem Hauptsitz in Xiamen, China, MTS hat f\u00fcnf Niederlassungen und Produktionsst\u00e4tten in Festland China, Taiwan und Silicon Valley, USA. Dank unserer Projektmanagementteams und Service-Teams mit normalen Tagesprogramm in den USA und Europa haben wir die M\u00f6glichkeit f\u00fcr unsere Kunden weltweit, 24 Stunden am Tag, 7 Tage die Woche verf\u00fcgbar zu sein.<\/p>\n<p style=\"text-align: justify;\">Vorteile der Zusammenarbeit mit der MTS:<\/p>\n<ul>\n<li style=\"text-align: justify;\">Ihre Projekte werden Projektmanager, die in Ihren Bereichen fachlich kompetent sind, zugewiesen.<\/li>\n<li style=\"text-align: justify;\">Ihre Projekte werden durch einen kompletten ISO9001: 2015 zertifizierten \u00dcbersetzungs-, Revisions- und Korrekturlesen (\u00dcRK) Prozess gehen.<\/li>\n<li style=\"text-align: justify;\">Sie haben die Garantie des Datenschutzes und der Vertraulichkeit.<\/li>\n<li style=\"text-align: justify;\">Sie werden einen erfahrenen Account Manager haben, der immer freundlich und hilfsbereit ist.<\/li>\n<li style=\"text-align: justify;\">Sie werden st\u00f6rungsfreie Dienstleistungen aus einer Hand genie\u00dfen, dank der Integrierung der professionellen \u00dcbersetzungen mit unseren technologischen L\u00f6sungen.<\/li>\n<li style=\"text-align: justify;\">Sie arbeiten mit einen f\u00fchrenden Sprachdienstleister und werden Unterst\u00fctzung rund um die Uhr, von Seite unserer Teams in Kalifornien, USA und China, genie\u00dfen.<\/li>\n<li style=\"text-align: justify;\">Sie werden immer ihre 100% Zufriedenheitsgarantie erhalten.<\/li>\n<\/ul>\n<\/div>\n<p class=\"description\">Here you can create the content that will be used within the module.<\/p>\n<p>[\/et_pb_text][\/et_pb_column][et_pb_column type=&#8220;1_3&#8243;][et_pb_sidebar admin_label=&#8220;Sidebar&#8220; orientation=&#8220;right&#8220; area=&#8220;sidebar-1&#8243; background_layout=&#8220;light&#8220; \/][\/et_pb_column][\/et_pb_row][\/et_pb_section][et_pb_section fullwidth=&#8220;off&#8220; specialty=&#8220;off&#8220; transparent_background=&#8220;off&#8220; background_color=&#8220;#f9f9f9&#8243; inner_shadow=&#8220;off&#8220; parallax=&#8220;off&#8220; parallax_method=&#8220;off&#8220; module_class=&#8220;quali&#8220;][et_pb_row][et_pb_column type=&#8220;4_4&#8243;][et_pb_text admin_label=&#8220;Text&#8220; background_layout=&#8220;light&#8220; text_orientation=&#8220;center&#8220; module_class=&#8220;quali&#8220;]<\/p>\n<p><a href=\"http:\/\/www.mts.cn\/zh-cn\/standard\/340-iso9001.html\"><img decoding=\"async\" class=\"alignnone wp-image-223 size-full\" src=\"http:\/\/www.mts-tech.com\/wp-content\/uploads\/2015\/01\/iso.jpg\" alt=\"iso\" width=\"150\" height=\"75\" \/><\/a>\u00a0 \u00a0<a href=\"http:\/\/www.mts.cn\/zh-cn\/industry-association\/150-tac.html\"><img decoding=\"async\" class=\"alignnone wp-image-222 size-full\" src=\"http:\/\/www.mts-tech.com\/wp-content\/uploads\/2015\/01\/tac.jpg\" alt=\"tac\" width=\"150\" height=\"75\" \/><\/a>\u00a0 \u00a0<a href=\"http:\/\/www.mts.cn\/zh-cn\/industry-association\/190-ata.html\"><img decoding=\"async\" class=\"alignnone wp-image-224 size-full\" src=\"http:\/\/www.mts-tech.com\/wp-content\/uploads\/2015\/01\/ata.jpg\" alt=\"ata\" width=\"150\" height=\"75\" \/><\/a>\u00a0 \u00a0<a href=\"http:\/\/www.mts.cn\/zh-cn\/industry-association\/338-alc.html\"><img loading=\"lazy\" loading=\"lazy\" decoding=\"async\" class=\"alignnone wp-image-220 size-full\" src=\"http:\/\/www.mts-tech.com\/wp-content\/uploads\/2015\/01\/alc.jpg\" alt=\"alc\" width=\"150\" height=\"75\" \/><\/a>\u00a0 \u00a0<a href=\"http:\/\/www.mts.cn\/zh-cn\/industry-association\/321-gala.html\"><img loading=\"lazy\" loading=\"lazy\" decoding=\"async\" class=\"alignnone wp-image-225 size-full\" src=\"http:\/\/www.mts-tech.com\/wp-content\/uploads\/2015\/01\/gala.jpg\" alt=\"gala\" width=\"150\" height=\"75\" \/><\/a>\u00a0 \u00a0<a href=\"http:\/\/www.mts.cn\/zh-cn\/industry-association\/339-xmta.html\"><img loading=\"lazy\" loading=\"lazy\" decoding=\"async\" class=\"alignnone wp-image-221 size-full\" src=\"http:\/\/www.mts-tech.com\/wp-content\/uploads\/2015\/01\/XMTA.jpg\" alt=\"xmta\" width=\"150\" height=\"75\" \/><\/a><\/p>\n<p>[\/et_pb_text][\/et_pb_column][\/et_pb_row][\/et_pb_section][et_pb_section fullwidth=&#8220;off&#8220; specialty=&#8220;off&#8220; transparent_background=&#8220;off&#8220; background_color=&#8220;#000000&#8243; inner_shadow=&#8220;off&#8220; parallax=&#8220;off&#8220; parallax_method=&#8220;off&#8220;][et_pb_row][et_pb_column type=&#8220;4_4&#8243;][et_pb_text admin_label=&#8220;Text&#8220; background_layout=&#8220;dark&#8220; text_orientation=&#8220;center&#8220;]<\/p>\n<p>ADD.: 15 L\/M Huangda Building, No.28 Houdaixi Road, Xiamen 361004, P. R. China.<br \/>\nTel:+86-592-5185112\u00a0\u00a0\u00a0Fax:+86-592-5185755<br \/>\nAlle Rechte vorbehalten. Master Translations. \u00a92000-2020<\/p>\n<p>[\/et_pb_text][\/et_pb_column][\/et_pb_row][\/et_pb_section]<\/p>\n","protected":false},"excerpt":{"rendered":"<p><div class=\"et_pb_row et_pb_row_0 et_pb_row_empty\">\n\t\t\t\t\n\t\t\t\t\n\t\t\t\t\n\t\t\t\t\n\t\t\t\t\n\t\t\t<\/div> \u00dcber uns Seit\u00a0mehr\u00a0als\u00a0einem\u00a0Jahrzehnt\u00a0hat\u00a0sich\u00a0MTS\u00a0f\u00fcr\u00a0die\u00a0Gew\u00e4hrleistung\u00a0der\u00a0h\u00f6chsten\u00a0Qualit\u00e4tsstandards\u00a0sowie\u00a0der umfangreichen\u00a0Kundenleistungen\u00a0eingesetzt\u00a0und hat sich von einem kleinen Unternehmen, dass sich im Besitz der Mitarbeiter befand, zu einem der gr\u00f6\u00dften \u00dcbersetzungs- und Lokalisierungsdienstleister in Asien entwickelt. Mit \u00fcber einem Team von ungef\u00e4hr 100 Vollzeit-Mitarbeiter, Sprachwissenschaftler und Projektmanager \u00fcbersetzen wir mehr als 50 Millionen W\u00f6rter im Jahr und bearbeiten viele Gro\u00dfprojekte, f\u00fcr Fortune 500 [&hellip;]<\/p>\n","protected":false},"author":1,"featured_media":0,"parent":0,"menu_order":1,"comment_status":"open","ping_status":"closed","template":"","meta":{"_et_pb_use_builder":"on","_et_pb_old_content":"","_et_gb_content_width":"","footnotes":""},"class_list":["post-1366","page","type-page","status-publish","hentry"],"aioseo_notices":[],"_links":{"self":[{"href":"https:\/\/www.mts-tech.com\/de\/wp-json\/wp\/v2\/pages\/1366","targetHints":{"allow":["GET"]}}],"collection":[{"href":"https:\/\/www.mts-tech.com\/de\/wp-json\/wp\/v2\/pages"}],"about":[{"href":"https:\/\/www.mts-tech.com\/de\/wp-json\/wp\/v2\/types\/page"}],"author":[{"embeddable":true,"href":"https:\/\/www.mts-tech.com\/de\/wp-json\/wp\/v2\/users\/1"}],"replies":[{"embeddable":true,"href":"https:\/\/www.mts-tech.com\/de\/wp-json\/wp\/v2\/comments?post=1366"}],"version-history":[{"count":7,"href":"https:\/\/www.mts-tech.com\/de\/wp-json\/wp\/v2\/pages\/1366\/revisions"}],"predecessor-version":[{"id":6074,"href":"https:\/\/www.mts-tech.com\/de\/wp-json\/wp\/v2\/pages\/1366\/revisions\/6074"}],"wp:attachment":[{"href":"https:\/\/www.mts-tech.com\/de\/wp-json\/wp\/v2\/media?parent=1366"}],"curies":[{"name":"wp","href":"https:\/\/api.w.org\/{rel}","templated":true}]}}