{"id":1367,"date":"2014-12-30T14:30:28","date_gmt":"2014-12-30T14:30:28","guid":{"rendered":"http:\/\/www.mts-tech.com\/about-us-2\/"},"modified":"2020-08-19T07:32:18","modified_gmt":"2020-08-19T07:32:18","slug":"about-us","status":"publish","type":"page","link":"https:\/\/www.mts-tech.com\/de\/about-us\/","title":{"rendered":"\u00dcber uns"},"content":{"rendered":"<p>[et_pb_section fullwidth=&#8220;on&#8220; specialty=&#8220;off&#8220; background_color=&#8220;#2ea3f2&#8243; inner_shadow=&#8220;off&#8220; parallax=&#8220;off&#8220; background_image=&#8220;http:\/\/www.mts-tech.com\/wp-content\/uploads\/2014\/12\/Earth-3D-Air-Traces-Sunrise-Central-America-5000.jpg&#8220; transparent_background=&#8220;off&#8220; parallax_method=&#8220;off&#8220;][et_pb_fullwidth_header admin_label=&#8220;Fullwidth Header&#8220; title=&#8220;\u00dcber uns&#8220; background_layout=&#8220;dark&#8220; text_orientation=&#8220;left&#8220; subhead=&#8220;MTS &#8211; das beste chinesische \u00dcbersetzungsunternehmen&#8220; \/][\/et_pb_section][et_pb_section fullwidth=&#8220;off&#8220; specialty=&#8220;off&#8220;][et_pb_row][et_pb_column type=&#8220;2_3&#8243;][et_pb_text admin_label=&#8220;Text&#8220; background_layout=&#8220;light&#8220; text_orientation=&#8220;left&#8220;]<\/p>\n<p>Master Translations\u00a0 (MTS) bietet Ihnen erstklassige professionelle Dienstleistungen in technischen \u00dcbersetzungen, Dolmetschen, Software- und Webseite-Lokalisierung, mehrsprachigen Desktop Publishing, Lokalisierung von Multimedia usw. an. Wir stehen in Bezug auf die \u00dcbersetzungsdienstleistungen und sprachlichen L\u00f6sungen von hoher Qualit\u00e4t und optimalen Preis-Leistungs-Verh\u00e4ltnissen f\u00fcr Chinesisch und andere asiatische Sprachen zur Verf\u00fcgung.<\/p>\n<p>Seit mehr als zehn Jahren haben wir die h\u00f6chsten Standards f\u00fcr Qualit\u00e4t sowie Kundenservice im \u00dcbersetzungsgewerbe festgelegt. Unser Unternehmen hat sich aus einem kleinen \u00dcbersetzungsb\u00fcro zu einem der gr\u00f6\u00dften \u00dcbersetzungs- und Lokalisierungsdienstleister im asiatischen Rahmen entwickelt und spielt in diesem Zusammenhang eine gro\u00dfe Rolle. Wir verf\u00fcgen \u00fcber gut hunderte Vollzeit-\u00dcbersetzer, -Dolmetscher und -Projektmanager. Unsere j\u00e4hrliche Kapazit\u00e4t betr\u00e4gt \u00fcber 50 Millionen W\u00f6rter. F\u00fcr Fortune 500 Unternehmen und \u00dcbersetzungs- sowie Lokalisierungsdienstleister weltweit haben wir viele gro\u00dfe Projekte angenommen und ausgezeichnet vollendet.<\/p>\n<p>Mit dem Hauptsitz in der K\u00fcstenstadt Xiamen. haben wir auf dem Festland Chinas, Taiwan und Silicon Valley, USA f\u00fcnf Niederlassungen und Standorte gegr\u00fcndet. Mit dem Projektmanagement- und Service-Team in den USA und Europa stehen wir f\u00fcr unsere Kunden weltweit 24 Stunden am Tag und 7 Tage die Woche jederzeit zur Verf\u00fcgung.<\/p>\n<p>Die Gr\u00fcnde f\u00fcr die Auswahl von unserem Unternehmen<\/p>\n<p>Den Dolmetschern oder \u00dcbersetzern, die \u00fcber entsprechende technische F\u00e4higkeiten verf\u00fcgen, werden nach den unterschiedlichen Bereichen Ihrer Projekte zugewiesen.<\/p>\n<p>Ihre Projekte werden durch einen der Qualifikation ISO 9001:2015 entsprechenden durchg\u00e4ngigen Prozess \u00fcbersetzt, korrigiert und schlie\u00dflich fertiggestellt.<\/p>\n<p>Wir garantieren nach unserem Gewissen die Geheimhaltung von ihren Dateien und Privatsph\u00e4ren.<\/p>\n<p>Ihnen wird ein Eins-zu-eins-Account Manager extra das Service anbieten, der erfahrungsreich und freundlich sind und wird rechtzeitig und fachlich auf ihre Fragen beantworten.<\/p>\n<p>Dank der Integrierung der professionellen \u00dcbersetzungen mit unseren technologischen L\u00f6sungen k\u00f6nnen Sie sprachliche Dienstleistungen aus einer Hand erhalten.<\/p>\n<p>In Zusammenarbeit mit einem erstklassigen sprachlichen Sprachdienstleister haben Sie jederzeit den Anspruch auf das Unterst\u00fctzungsservice rund um die Uhr von unseren Teams in Kalifornien, USA und China.<\/p>\n<p>Wir versprechen Ihnen eine 100-prozentige Zufriedenheit!<\/p>\n<p>[\/et_pb_text][\/et_pb_column][et_pb_column type=&#8220;1_3&#8243;][et_pb_sidebar admin_label=&#8220;Sidebar&#8220; orientation=&#8220;left&#8220; area=&#8220;sidebar-1&#8243; background_layout=&#8220;light&#8220; \/][\/et_pb_column][\/et_pb_row][\/et_pb_section][et_pb_section fullwidth=&#8220;off&#8220; specialty=&#8220;off&#8220; transparent_background=&#8220;off&#8220; background_color=&#8220;#f9f9f9&#8243; inner_shadow=&#8220;off&#8220; parallax=&#8220;off&#8220; parallax_method=&#8220;off&#8220;][et_pb_row][et_pb_column type=&#8220;4_4&#8243;][\/et_pb_column][\/et_pb_row][\/et_pb_section][et_pb_section fullwidth=&#8220;off&#8220; specialty=&#8220;off&#8220; transparent_background=&#8220;off&#8220; background_color=&#8220;#000000&#8243; inner_shadow=&#8220;off&#8220; parallax=&#8220;off&#8220; parallax_method=&#8220;off&#8220;][et_pb_row][et_pb_column type=&#8220;4_4&#8243;][\/et_pb_column][\/et_pb_row][\/et_pb_section]<\/p>\n","protected":false},"excerpt":{"rendered":"<p><div class=\"et_pb_row et_pb_row_0 et_pb_row_empty\">\n\t\t\t\t\n\t\t\t\t\n\t\t\t\t\n\t\t\t\t\n\t\t\t\t\n\t\t\t<\/div> Master Translations\u00a0 (MTS) bietet Ihnen erstklassige professionelle Dienstleistungen in technischen \u00dcbersetzungen, Dolmetschen, Software- und Webseite-Lokalisierung, mehrsprachigen Desktop Publishing, Lokalisierung von Multimedia usw. an. Wir stehen in Bezug auf die \u00dcbersetzungsdienstleistungen und sprachlichen L\u00f6sungen von hoher Qualit\u00e4t und optimalen Preis-Leistungs-Verh\u00e4ltnissen f\u00fcr Chinesisch und andere asiatische Sprachen zur Verf\u00fcgung. Seit mehr als zehn Jahren haben wir [&hellip;]<\/p>\n","protected":false},"author":1,"featured_media":0,"parent":0,"menu_order":2,"comment_status":"open","ping_status":"closed","template":"","meta":{"_et_pb_use_builder":"on","_et_pb_old_content":"","_et_gb_content_width":"","footnotes":""},"class_list":["post-1367","page","type-page","status-publish","hentry"],"aioseo_notices":[],"_links":{"self":[{"href":"https:\/\/www.mts-tech.com\/de\/wp-json\/wp\/v2\/pages\/1367","targetHints":{"allow":["GET"]}}],"collection":[{"href":"https:\/\/www.mts-tech.com\/de\/wp-json\/wp\/v2\/pages"}],"about":[{"href":"https:\/\/www.mts-tech.com\/de\/wp-json\/wp\/v2\/types\/page"}],"author":[{"embeddable":true,"href":"https:\/\/www.mts-tech.com\/de\/wp-json\/wp\/v2\/users\/1"}],"replies":[{"embeddable":true,"href":"https:\/\/www.mts-tech.com\/de\/wp-json\/wp\/v2\/comments?post=1367"}],"version-history":[{"count":5,"href":"https:\/\/www.mts-tech.com\/de\/wp-json\/wp\/v2\/pages\/1367\/revisions"}],"predecessor-version":[{"id":6073,"href":"https:\/\/www.mts-tech.com\/de\/wp-json\/wp\/v2\/pages\/1367\/revisions\/6073"}],"wp:attachment":[{"href":"https:\/\/www.mts-tech.com\/de\/wp-json\/wp\/v2\/media?parent=1367"}],"curies":[{"name":"wp","href":"https:\/\/api.w.org\/{rel}","templated":true}]}}