{"id":1378,"date":"2015-01-02T14:51:19","date_gmt":"2015-01-02T14:51:19","guid":{"rendered":"http:\/\/www.mts-tech.com\/about-us\/advantages\/"},"modified":"2020-08-19T07:29:03","modified_gmt":"2020-08-19T07:29:03","slug":"advantages","status":"publish","type":"page","link":"https:\/\/www.mts-tech.com\/de\/advantages\/","title":{"rendered":"Vorteile"},"content":{"rendered":"<p>[et_pb_section fullwidth=&#8220;on&#8220; specialty=&#8220;off&#8220; background_color=&#8220;#2ea3f2&#8243; inner_shadow=&#8220;off&#8220; parallax=&#8220;off&#8220; background_image=&#8220;http:\/\/www.mts-tech.com\/wp-content\/uploads\/2014\/12\/Earth-3D-Air-Traces-Sunrise-Central-America-5000.jpg&#8220; transparent_background=&#8220;off&#8220; parallax_method=&#8220;off&#8220;][et_pb_fullwidth_header admin_label=&#8220;Fullwidth Header&#8220; title=&#8220;Vorteile&#8220; background_layout=&#8220;dark&#8220; text_orientation=&#8220;left&#8220; subhead=&#8220;ISO9001: 2015 zertifiziertes \u00dcbersetzungsunternehmen&#8220; \/][\/et_pb_section][et_pb_section fullwidth=&#8220;off&#8220; specialty=&#8220;off&#8220;][et_pb_row][et_pb_column type=&#8220;2_3&#8243;][et_pb_text admin_label=&#8220;Text&#8220; background_layout=&#8220;light&#8220; text_orientation=&#8220;left&#8220;]<\/p>\n<p style=\"text-align: justify;\">MTS ist Ihr zuverl\u00e4ssiger Partner f\u00fcr alle Ihre \u00dcbersetzungs- und Lokalisationsbed\u00fcrfnisse, aufgrund folgender Vorteile:<\/p>\n<ul>\n<li style=\"text-align: justify;\">20 Jahre ErfahrungWir haben \u00fcber 10 Jahre Praxiserfahrung in \u00dcbersetzungen, Webseiten- und Softwarelokalisierung und Desktop Publishing. Wir haben Erfahrung in der Zusammenarbeit mit Fortune 500 Unternehmen, wie auch Sprachdienstleister weltweit.<\/li>\n<li style=\"text-align: justify;\">Konstant hohe Qualit\u00e4tEin ISO9001: 2015 zertifiziertes Qualit\u00e4tssicherungssystem wurde w\u00e4hrend eines Jahrzehnts, f\u00fcr die Projektarbeit, entwickelt. Die konstant hohe Qualit\u00e4t der \u00dcbersetzungs- und Lokalisierungsdienstleistungen, bei niedrigen Preisen, unterscheiden uns von anderen Marktteilnehmern.<\/li>\n<li style=\"text-align: justify;\">Angemessene und kompetitive TarifeEin China-basiertes Produktionszentrum reduziert die Kosten des Managements und der Produktion. Unsere Preise sind angemessen und kompetitiv. Flexible Zahlungstermine sind ebenfalls verf\u00fcgbar.<\/li>\n<li style=\"text-align: justify;\">Professionelle, termingerechte, vertrauliche und zuverl\u00e4ssige DienstleistungenUnsere Dienstleistungen sind professionell, termingerecht, vertraulich und zuverl\u00e4ssig. Wir haben sogar ein Projektmanagement-Team, dass entsprechend der nordamerikanischen Arbeitszeit f\u00fcr eine leichte, Echtzeit-Kommunikation und permanente Unterst\u00fctzung, zur Verf\u00fcgung steht.<\/li>\n<li style=\"text-align: justify;\">Professionelles TeamUnser professionelles Team besteht aus 100+ interne Sprachwissenschaftler, \u00fcber ein Duzend erfahrene Projektmanager und mehrere Programmierer und DTP Spezialisten.<\/li>\n<\/ul>\n<p>[\/et_pb_text][\/et_pb_column][et_pb_column type=&#8220;1_3&#8243;][et_pb_sidebar admin_label=&#8220;Sidebar&#8220; orientation=&#8220;right&#8220; area=&#8220;sidebar-1&#8243; background_layout=&#8220;light&#8220; \/][\/et_pb_column][\/et_pb_row][\/et_pb_section][et_pb_section fullwidth=&#8220;off&#8220; specialty=&#8220;off&#8220; transparent_background=&#8220;off&#8220; background_color=&#8220;#f9f9f9&#8243; inner_shadow=&#8220;off&#8220; parallax=&#8220;off&#8220; parallax_method=&#8220;off&#8220;][et_pb_row][et_pb_column type=&#8220;4_4&#8243;][et_pb_text admin_label=&#8220;Text&#8220; background_layout=&#8220;light&#8220; text_orientation=&#8220;center&#8220;]<\/p>\n<p>&nbsp;<\/p>\n<h2><a href=\"http:\/\/www.mts.cn\/zh-cn\/standard\/340-iso9001.html\"><img decoding=\"async\" class=\"alignnone wp-image-223 size-full\" src=\"http:\/\/www.mts-tech.com\/wp-content\/uploads\/2015\/01\/iso.jpg\" alt=\"iso\" width=\"150\" height=\"75\" \/><\/a>\u00a0 \u00a0<a href=\"http:\/\/www.mts.cn\/zh-cn\/industry-association\/150-tac.html\"><img decoding=\"async\" class=\"alignnone wp-image-222 size-full\" src=\"http:\/\/www.mts-tech.com\/wp-content\/uploads\/2015\/01\/tac.jpg\" alt=\"tac\" width=\"150\" height=\"75\" \/><\/a>\u00a0 \u00a0<a href=\"http:\/\/www.mts.cn\/zh-cn\/industry-association\/190-ata.html\"><img decoding=\"async\" class=\"alignnone wp-image-224 size-full\" src=\"http:\/\/www.mts-tech.com\/wp-content\/uploads\/2015\/01\/ata.jpg\" alt=\"ata\" width=\"150\" height=\"75\" \/><\/a>\u00a0 \u00a0<a href=\"http:\/\/www.mts.cn\/zh-cn\/industry-association\/338-alc.html\"><img loading=\"lazy\" loading=\"lazy\" decoding=\"async\" class=\"alignnone wp-image-220 size-full\" src=\"http:\/\/www.mts-tech.com\/wp-content\/uploads\/2015\/01\/alc.jpg\" alt=\"alc\" width=\"150\" height=\"75\" \/><\/a>\u00a0 \u00a0<a href=\"http:\/\/www.mts.cn\/zh-cn\/industry-association\/321-gala.html\"><img loading=\"lazy\" loading=\"lazy\" decoding=\"async\" class=\"alignnone wp-image-225 size-full\" src=\"http:\/\/www.mts-tech.com\/wp-content\/uploads\/2015\/01\/gala.jpg\" alt=\"gala\" width=\"150\" height=\"75\" \/><\/a>\u00a0 \u00a0<a href=\"http:\/\/www.mts.cn\/zh-cn\/industry-association\/339-xmta.html\"><img loading=\"lazy\" loading=\"lazy\" decoding=\"async\" class=\"alignnone wp-image-221 size-full\" src=\"http:\/\/www.mts-tech.com\/wp-content\/uploads\/2015\/01\/XMTA.jpg\" alt=\"xmta\" width=\"150\" height=\"75\" \/><\/a><\/h2>\n<p>&nbsp;<\/p>\n<p>[\/et_pb_text][\/et_pb_column][\/et_pb_row][\/et_pb_section][et_pb_section fullwidth=&#8220;off&#8220; specialty=&#8220;off&#8220; transparent_background=&#8220;off&#8220; background_color=&#8220;#000000&#8243; inner_shadow=&#8220;off&#8220; parallax=&#8220;off&#8220; parallax_method=&#8220;off&#8220;][et_pb_row][et_pb_column type=&#8220;4_4&#8243;][et_pb_text admin_label=&#8220;Text&#8220; background_layout=&#8220;dark&#8220; text_orientation=&#8220;center&#8220;]<\/p>\n<p>ADD.: 15 L\/M Huangda Building, No.28 Houdaixi Road, Xiamen 361004, P. R. China.<br \/>\nTel:+86-592-5185112\u00a0\u00a0 Fax:+86-592-5185755<br \/>\nAlle Rechte vorbehalten. Master Translations. \u00a92000-2020<\/p>\n<p>[\/et_pb_text][\/et_pb_column][\/et_pb_row][\/et_pb_section]<\/p>\n","protected":false},"excerpt":{"rendered":"<p><div class=\"et_pb_row et_pb_row_0 et_pb_row_empty\">\n\t\t\t\t\n\t\t\t\t\n\t\t\t\t\n\t\t\t\t\n\t\t\t\t\n\t\t\t<\/div> MTS ist Ihr zuverl\u00e4ssiger Partner f\u00fcr alle Ihre \u00dcbersetzungs- und Lokalisationsbed\u00fcrfnisse, aufgrund folgender Vorteile: 20 Jahre ErfahrungWir haben \u00fcber 10 Jahre Praxiserfahrung in \u00dcbersetzungen, Webseiten- und Softwarelokalisierung und Desktop Publishing. Wir haben Erfahrung in der Zusammenarbeit mit Fortune 500 Unternehmen, wie auch Sprachdienstleister weltweit. Konstant hohe Qualit\u00e4tEin ISO9001: 2015 zertifiziertes Qualit\u00e4tssicherungssystem wurde w\u00e4hrend eines [&hellip;]<\/p>\n","protected":false},"author":1,"featured_media":0,"parent":0,"menu_order":4,"comment_status":"open","ping_status":"closed","template":"","meta":{"_et_pb_use_builder":"on","_et_pb_old_content":"","_et_gb_content_width":"","footnotes":""},"class_list":["post-1378","page","type-page","status-publish","hentry"],"aioseo_notices":[],"_links":{"self":[{"href":"https:\/\/www.mts-tech.com\/de\/wp-json\/wp\/v2\/pages\/1378","targetHints":{"allow":["GET"]}}],"collection":[{"href":"https:\/\/www.mts-tech.com\/de\/wp-json\/wp\/v2\/pages"}],"about":[{"href":"https:\/\/www.mts-tech.com\/de\/wp-json\/wp\/v2\/types\/page"}],"author":[{"embeddable":true,"href":"https:\/\/www.mts-tech.com\/de\/wp-json\/wp\/v2\/users\/1"}],"replies":[{"embeddable":true,"href":"https:\/\/www.mts-tech.com\/de\/wp-json\/wp\/v2\/comments?post=1378"}],"version-history":[{"count":5,"href":"https:\/\/www.mts-tech.com\/de\/wp-json\/wp\/v2\/pages\/1378\/revisions"}],"predecessor-version":[{"id":6069,"href":"https:\/\/www.mts-tech.com\/de\/wp-json\/wp\/v2\/pages\/1378\/revisions\/6069"}],"wp:attachment":[{"href":"https:\/\/www.mts-tech.com\/de\/wp-json\/wp\/v2\/media?parent=1378"}],"curies":[{"name":"wp","href":"https:\/\/api.w.org\/{rel}","templated":true}]}}