{"id":1380,"date":"2014-12-30T14:31:33","date_gmt":"2014-12-30T14:31:33","guid":{"rendered":"http:\/\/www.mts-tech.com\/contact-us-2\/"},"modified":"2023-07-31T08:59:50","modified_gmt":"2023-07-31T08:59:50","slug":"contact-us","status":"publish","type":"page","link":"https:\/\/www.mts-tech.com\/de\/contact-us\/","title":{"rendered":"Kontakt"},"content":{"rendered":"<p>[et_pb_section fb_built=&#8220;1&#8243; fullwidth=&#8220;on&#8220; _builder_version=&#8220;4.16&#8243; global_colors_info=&#8220;{}&#8220;][et_pb_fullwidth_map address=&#8220;Huangda Mansion, Siming, Xiamen, Fujian, China, 361004&#8243; zoom_level=&#8220;15&#8243; address_lat=&#8220;24.47131000000003&#8243; address_lng=&#8220;118.10506680000003&#8243; mouse_wheel=&#8220;off&#8220; admin_label=&#8220;Fullwidth Map&#8220; _builder_version=&#8220;4.16&#8243; global_colors_info=&#8220;{}&#8220;][et_pb_map_pin title=&#8220;Master Translation Services&#8220; pin_address=&#8220;Huangda Mansion, Siming, Xiamen, Fujian, China, 361004&#8243; pin_address_lat=&#8220;24.47131&#8243; pin_address_lng=&#8220;118.10506680000003&#8243; _builder_version=&#8220;3.0.47&#8243; global_colors_info=&#8220;{}&#8220;][\/et_pb_map_pin][\/et_pb_fullwidth_map][\/et_pb_section][et_pb_section fb_built=&#8220;1&#8243; _builder_version=&#8220;4.16&#8243; global_colors_info=&#8220;{}&#8220;][et_pb_row _builder_version=&#8220;4.16&#8243; background_size=&#8220;initial&#8220; background_position=&#8220;top_left&#8220; background_repeat=&#8220;repeat&#8220; global_colors_info=&#8220;{}&#8220; column_structure=&#8220;2_3,1_3&#8243;][et_pb_column type=&#8220;2_3&#8243; _builder_version=&#8220;4.16&#8243; custom_padding=&#8220;|||&#8220; global_colors_info=&#8220;{}&#8220; custom_padding__hover=&#8220;|||&#8220;][et_pb_text admin_label=&#8220;Text&#8220; _builder_version=&#8220;4.16&#8243; background_size=&#8220;initial&#8220; background_position=&#8220;top_left&#8220; background_repeat=&#8220;repeat&#8220; global_colors_info=&#8220;{}&#8220;]<\/p>\n<h4>Kontaktieren Sie uns<\/h4>\n<p style=\"text-align: justify;\">MTS bietet kostenlose Beratung und Kostenvoranschl\u00e4ge an. Falls Sie ein Projekt mit uns besprechen m\u00f6chten, oder einfach mehr \u00fcber unsere Dienstleistungen erfahren m\u00f6chten, setzen Sie sich bitte mit uns \u00fcber E-Mail, telefonisch oder per Post in Verbindung. Falls Sie Anmerkungen, bez\u00fcglich dieser Seite haben, schreiben Sie bitte unserem Webmaster eine E-Mail.<\/p>\n<p>[\/et_pb_text][et_pb_divider color=&#8220;#dddddd&#8220; disabled_on=&#8220;on|on|off&#8220; admin_label=&#8220;Divider&#8220; _builder_version=&#8220;4.16&#8243; global_colors_info=&#8220;{}&#8220;][\/et_pb_divider][et_pb_contact_form email=&#8220;inquiry@mts.cn &#8220; admin_label=&#8220;Contact Form&#8220; _builder_version=&#8220;4.16&#8243; _unique_id=&#8220;ec544c41-b4d1-475d-b4b2-cf19810def3a&#8220; global_colors_info=&#8220;{}&#8220;][et_pb_contact_field field_id=&#8220;Name&#8220; field_title=&#8220;Name&#8220; _builder_version=&#8220;4.16&#8243; global_colors_info=&#8220;{}&#8220; button_text_size__hover_enabled=&#8220;off&#8220; button_one_text_size__hover_enabled=&#8220;off&#8220; button_two_text_size__hover_enabled=&#8220;off&#8220; button_text_color__hover_enabled=&#8220;off&#8220; button_one_text_color__hover_enabled=&#8220;off&#8220; button_two_text_color__hover_enabled=&#8220;off&#8220; button_border_width__hover_enabled=&#8220;off&#8220; button_one_border_width__hover_enabled=&#8220;off&#8220; button_two_border_width__hover_enabled=&#8220;off&#8220; button_border_color__hover_enabled=&#8220;off&#8220; button_one_border_color__hover_enabled=&#8220;off&#8220; button_two_border_color__hover_enabled=&#8220;off&#8220; button_border_radius__hover_enabled=&#8220;off&#8220; button_one_border_radius__hover_enabled=&#8220;off&#8220; button_two_border_radius__hover_enabled=&#8220;off&#8220; button_letter_spacing__hover_enabled=&#8220;off&#8220; button_one_letter_spacing__hover_enabled=&#8220;off&#8220; button_two_letter_spacing__hover_enabled=&#8220;off&#8220; button_bg_color__hover_enabled=&#8220;off&#8220; button_one_bg_color__hover_enabled=&#8220;off&#8220; button_two_bg_color__hover_enabled=&#8220;off&#8220;][\/et_pb_contact_field][et_pb_contact_field field_id=&#8220;Email&#8220; field_title=&#8220;E-Mail-Adresse&#8220; field_type=&#8220;email&#8220; _builder_version=&#8220;4.16&#8243; global_colors_info=&#8220;{}&#8220; button_text_size__hover_enabled=&#8220;off&#8220; button_one_text_size__hover_enabled=&#8220;off&#8220; button_two_text_size__hover_enabled=&#8220;off&#8220; button_text_color__hover_enabled=&#8220;off&#8220; button_one_text_color__hover_enabled=&#8220;off&#8220; button_two_text_color__hover_enabled=&#8220;off&#8220; button_border_width__hover_enabled=&#8220;off&#8220; button_one_border_width__hover_enabled=&#8220;off&#8220; button_two_border_width__hover_enabled=&#8220;off&#8220; button_border_color__hover_enabled=&#8220;off&#8220; button_one_border_color__hover_enabled=&#8220;off&#8220; button_two_border_color__hover_enabled=&#8220;off&#8220; button_border_radius__hover_enabled=&#8220;off&#8220; button_one_border_radius__hover_enabled=&#8220;off&#8220; button_two_border_radius__hover_enabled=&#8220;off&#8220; button_letter_spacing__hover_enabled=&#8220;off&#8220; button_one_letter_spacing__hover_enabled=&#8220;off&#8220; button_two_letter_spacing__hover_enabled=&#8220;off&#8220; button_bg_color__hover_enabled=&#8220;off&#8220; button_one_bg_color__hover_enabled=&#8220;off&#8220; button_two_bg_color__hover_enabled=&#8220;off&#8220;][\/et_pb_contact_field][et_pb_contact_field field_id=&#8220;Message&#8220; field_title=&#8220;Nachricht&#8220; field_type=&#8220;text&#8220; fullwidth_field=&#8220;on&#8220; _builder_version=&#8220;4.16&#8243; global_colors_info=&#8220;{}&#8220; button_text_size__hover_enabled=&#8220;off&#8220; button_one_text_size__hover_enabled=&#8220;off&#8220; button_two_text_size__hover_enabled=&#8220;off&#8220; button_text_color__hover_enabled=&#8220;off&#8220; button_one_text_color__hover_enabled=&#8220;off&#8220; button_two_text_color__hover_enabled=&#8220;off&#8220; button_border_width__hover_enabled=&#8220;off&#8220; button_one_border_width__hover_enabled=&#8220;off&#8220; button_two_border_width__hover_enabled=&#8220;off&#8220; button_border_color__hover_enabled=&#8220;off&#8220; button_one_border_color__hover_enabled=&#8220;off&#8220; button_two_border_color__hover_enabled=&#8220;off&#8220; button_border_radius__hover_enabled=&#8220;off&#8220; button_one_border_radius__hover_enabled=&#8220;off&#8220; button_two_border_radius__hover_enabled=&#8220;off&#8220; button_letter_spacing__hover_enabled=&#8220;off&#8220; button_one_letter_spacing__hover_enabled=&#8220;off&#8220; button_two_letter_spacing__hover_enabled=&#8220;off&#8220; button_bg_color__hover_enabled=&#8220;off&#8220; button_one_bg_color__hover_enabled=&#8220;off&#8220; button_two_bg_color__hover_enabled=&#8220;off&#8220;][\/et_pb_contact_field][\/et_pb_contact_form][\/et_pb_column][et_pb_column type=&#8220;1_3&#8243; _builder_version=&#8220;4.16&#8243; custom_padding=&#8220;|||&#8220; global_colors_info=&#8220;{}&#8220; custom_padding__hover=&#8220;|||&#8220;][et_pb_text admin_label=&#8220;Text&#8220; _builder_version=&#8220;4.16&#8243; background_size=&#8220;initial&#8220; background_position=&#8220;top_left&#8220; background_repeat=&#8220;repeat&#8220; global_colors_info=&#8220;{}&#8220;]<\/p>\n<h4>MASTER TRANSLATIONS<\/h4>\n<p>ADRESSE:<br \/>\n15 L\/M Huangda Building, No.28 Houdaixi Road, Xiamen 361004, P. R. China.<\/p>\n<p>Kostenfrei:<br \/>\n400-6618-000<br \/>\n[\/et_pb_text][et_pb_text admin_label=&#8220;Text&#8220; _builder_version=&#8220;4.16&#8243; background_size=&#8220;initial&#8220; background_position=&#8220;top_left&#8220; background_repeat=&#8220;repeat&#8220; global_colors_info=&#8220;{}&#8220;]<\/p>\n<h4>Xiamen, China: Konzernzentrale<\/h4>\n<p>Ms Luz Marina Sanchis S\u00e1ez<br \/>\nTel. 86 592 5185156 ext 801<br \/>\n<a href=\"mailto:business@mts.cn\">business@mts.cn<\/a><br \/>\n[\/et_pb_text][et_pb_text admin_label=&#8220;Text&#8220; _builder_version=&#8220;4.16&#8243; background_size=&#8220;initial&#8220; background_position=&#8220;top_left&#8220; background_repeat=&#8220;repeat&#8220; global_colors_info=&#8220;{}&#8220;]<\/p>\n<h4>SILICON VALLEY, USA<br \/>MULTILINGUAL TECHNOLOGIES INC.<\/h4>\n<p>Adresse: 4633 Old Ironsides Dr. #230, Santa Clara, CA 95054<br \/>Fr. Emily Wu:<br \/>+1-408-970-9586<br \/><a href=\"mailto:info@multilingual-tech.com\">info@multilingual-tech.com<\/a><\/p>\n<p>[\/et_pb_text][et_pb_text admin_label=&#8220;Text&#8220; _builder_version=&#8220;4.16&#8243; background_size=&#8220;initial&#8220; background_position=&#8220;top_left&#8220; background_repeat=&#8220;repeat&#8220; global_colors_info=&#8220;{}&#8220;]<\/p>\n<h4>TAIPEI, TAIWAN<\/h4>\n<p>Fr. Vivian Liao:<br \/>\n+886-2-8772-9862<br \/>\n<a href=\"mailto:vivian.liao@mts-trans.com.tw\">vivian.liao@mts-trans.com.tw<\/a><br \/>\n[\/et_pb_text][\/et_pb_column][\/et_pb_row][\/et_pb_section][et_pb_section fb_built=&#8220;1&#8243; _builder_version=&#8220;4.16&#8243; background_color=&#8220;#f9f9f9&#8243; transparent_background=&#8220;off&#8220; global_colors_info=&#8220;{}&#8220;][et_pb_row _builder_version=&#8220;4.16&#8243; background_size=&#8220;initial&#8220; background_position=&#8220;top_left&#8220; background_repeat=&#8220;repeat&#8220; global_colors_info=&#8220;{}&#8220;][et_pb_column type=&#8220;4_4&#8243; _builder_version=&#8220;4.16&#8243; custom_padding=&#8220;|||&#8220; global_colors_info=&#8220;{}&#8220; custom_padding__hover=&#8220;|||&#8220;][et_pb_text admin_label=&#8220;Text&#8220; _builder_version=&#8220;4.16&#8243; background_size=&#8220;initial&#8220; background_position=&#8220;top_left&#8220; background_repeat=&#8220;repeat&#8220; text_orientation=&#8220;center&#8220; module_alignment=&#8220;center&#8220; global_colors_info=&#8220;{}&#8220;]&nbsp;<\/p>\n<h2><a href=\"http:\/\/www.mts.cn\/zh-cn\/standard\/340-iso9001.html\"><img decoding=\"async\" class=\"alignnone wp-image-223 size-full\" src=\"http:\/\/www.mts-tech.com\/wp-content\/uploads\/2015\/01\/iso.jpg\" alt=\"iso\" width=\"150\" height=\"75\" \/><\/a>\u00a0 \u00a0<a href=\"http:\/\/www.mts.cn\/zh-cn\/industry-association\/150-tac.html\"><img decoding=\"async\" class=\"alignnone wp-image-222 size-full\" src=\"http:\/\/www.mts-tech.com\/wp-content\/uploads\/2015\/01\/tac.jpg\" alt=\"tac\" width=\"150\" height=\"75\" \/><\/a>\u00a0 \u00a0<a href=\"http:\/\/www.mts.cn\/zh-cn\/industry-association\/190-ata.html\"><img decoding=\"async\" class=\"alignnone wp-image-224 size-full\" src=\"http:\/\/www.mts-tech.com\/wp-content\/uploads\/2015\/01\/ata.jpg\" alt=\"ata\" width=\"150\" height=\"75\" \/><\/a>\u00a0 \u00a0<a href=\"http:\/\/www.mts.cn\/zh-cn\/industry-association\/338-alc.html\"><img loading=\"lazy\" loading=\"lazy\" decoding=\"async\" class=\"alignnone wp-image-220 size-full\" src=\"http:\/\/www.mts-tech.com\/wp-content\/uploads\/2015\/01\/alc.jpg\" alt=\"alc\" width=\"150\" height=\"75\" \/><\/a>\u00a0 \u00a0<a href=\"http:\/\/www.mts.cn\/zh-cn\/industry-association\/321-gala.html\"><img loading=\"lazy\" loading=\"lazy\" decoding=\"async\" class=\"alignnone wp-image-225 size-full\" src=\"http:\/\/www.mts-tech.com\/wp-content\/uploads\/2015\/01\/gala.jpg\" alt=\"gala\" width=\"150\" height=\"75\" \/><\/a>\u00a0 \u00a0<a href=\"http:\/\/www.mts.cn\/zh-cn\/industry-association\/339-xmta.html\"><img loading=\"lazy\" loading=\"lazy\" decoding=\"async\" class=\"alignnone wp-image-221 size-full\" src=\"http:\/\/www.mts-tech.com\/wp-content\/uploads\/2015\/01\/XMTA.jpg\" alt=\"xmta\" width=\"150\" height=\"75\" \/><\/a><\/h2>\n<p>&nbsp;<br \/>\n[\/et_pb_text][\/et_pb_column][\/et_pb_row][\/et_pb_section][et_pb_section fb_built=&#8220;1&#8243; _builder_version=&#8220;4.16&#8243; background_color=&#8220;#000000&#8243; transparent_background=&#8220;off&#8220; global_colors_info=&#8220;{}&#8220;][et_pb_row _builder_version=&#8220;4.16&#8243; background_size=&#8220;initial&#8220; background_position=&#8220;top_left&#8220; background_repeat=&#8220;repeat&#8220; global_colors_info=&#8220;{}&#8220;][et_pb_column type=&#8220;4_4&#8243; _builder_version=&#8220;4.16&#8243; custom_padding=&#8220;|||&#8220; global_colors_info=&#8220;{}&#8220; custom_padding__hover=&#8220;|||&#8220;][et_pb_text admin_label=&#8220;Text&#8220; _builder_version=&#8220;4.16&#8243; background_size=&#8220;initial&#8220; background_position=&#8220;top_left&#8220; background_repeat=&#8220;repeat&#8220; text_orientation=&#8220;center&#8220; background_layout=&#8220;dark&#8220; module_alignment=&#8220;center&#8220; global_colors_info=&#8220;{}&#8220;]ADD.:\u00a015 L\/M Huangda Building, No.28 Houdaixi Road, Xiamen 361004, P. R. China.<br \/>\nTel:+86-592-5185112\u00a0\u00a0\u00a0Fax:+86-592-5185755<br \/>\nAlle Rechte vorbehalten. Master Translations. \u00a92000-2020<br \/>\n[\/et_pb_text][\/et_pb_column][\/et_pb_row][\/et_pb_section]<\/p>\n","protected":false},"excerpt":{"rendered":"<p>Kontaktieren Sie uns MTS bietet kostenlose Beratung und Kostenvoranschl\u00e4ge an. Falls Sie ein Projekt mit uns besprechen m\u00f6chten, oder einfach mehr \u00fcber unsere Dienstleistungen erfahren m\u00f6chten, setzen Sie sich bitte mit uns \u00fcber E-Mail, telefonisch oder per Post in Verbindung. Falls Sie Anmerkungen, bez\u00fcglich dieser Seite haben, schreiben Sie bitte unserem Webmaster eine E-Mail. MASTER [&hellip;]<\/p>\n","protected":false},"author":1,"featured_media":0,"parent":0,"menu_order":7,"comment_status":"open","ping_status":"closed","template":"","meta":{"_et_pb_use_builder":"on","_et_pb_old_content":"","_et_gb_content_width":"","footnotes":""},"class_list":["post-1380","page","type-page","status-publish","hentry"],"aioseo_notices":[],"_links":{"self":[{"href":"https:\/\/www.mts-tech.com\/de\/wp-json\/wp\/v2\/pages\/1380","targetHints":{"allow":["GET"]}}],"collection":[{"href":"https:\/\/www.mts-tech.com\/de\/wp-json\/wp\/v2\/pages"}],"about":[{"href":"https:\/\/www.mts-tech.com\/de\/wp-json\/wp\/v2\/types\/page"}],"author":[{"embeddable":true,"href":"https:\/\/www.mts-tech.com\/de\/wp-json\/wp\/v2\/users\/1"}],"replies":[{"embeddable":true,"href":"https:\/\/www.mts-tech.com\/de\/wp-json\/wp\/v2\/comments?post=1380"}],"version-history":[{"count":6,"href":"https:\/\/www.mts-tech.com\/de\/wp-json\/wp\/v2\/pages\/1380\/revisions"}],"predecessor-version":[{"id":14134,"href":"https:\/\/www.mts-tech.com\/de\/wp-json\/wp\/v2\/pages\/1380\/revisions\/14134"}],"wp:attachment":[{"href":"https:\/\/www.mts-tech.com\/de\/wp-json\/wp\/v2\/media?parent=1380"}],"curies":[{"name":"wp","href":"https:\/\/api.w.org\/{rel}","templated":true}]}}