{"id":1381,"date":"2015-03-12T04:06:26","date_gmt":"2015-03-12T04:06:26","guid":{"rendered":"http:\/\/www.mts-tech.com\/?page_id=1381"},"modified":"2020-08-19T07:27:42","modified_gmt":"2020-08-19T07:27:42","slug":"technology","status":"publish","type":"page","link":"https:\/\/www.mts-tech.com\/de\/technology\/","title":{"rendered":"Technologie"},"content":{"rendered":"<p>[et_pb_section fullwidth=&#8220;on&#8220; specialty=&#8220;off&#8220; background_color=&#8220;#2ea3f2&#8243; inner_shadow=&#8220;off&#8220; parallax=&#8220;off&#8220; background_image=&#8220;http:\/\/www.mts-tech.com\/wp-content\/uploads\/2014\/12\/Earth-3D-Air-Traces-Sunrise-Central-America-5000.jpg&#8220; transparent_background=&#8220;off&#8220; parallax_method=&#8220;off&#8220;][et_pb_fullwidth_header admin_label=&#8220;Fullwidth Header&#8220; title=&#8220;Technologie&#8220; background_layout=&#8220;dark&#8220; text_orientation=&#8220;left&#8220; subhead=&#8220;18 Jahre Exzellenz in Sprachdienstleistungen&#8220; \/][\/et_pb_section][et_pb_section fullwidth=&#8220;off&#8220; specialty=&#8220;off&#8220;][et_pb_row][et_pb_column type=&#8220;2_3&#8243;][et_pb_text admin_label=&#8220;Text&#8220; background_layout=&#8220;light&#8220; text_orientation=&#8220;left&#8220;]<\/p>\n<p style=\"text-align: justify;\">Wir besitzen innovative Technologien und Methodologien, die speziell f\u00fcr die Analyse, Produktion und Bearbeitung der Texte und der Sprache entwickelt wurden. Sie k\u00f6nnen auf unser technisches Fachwissen und Know-How, erstklassige Inhalte und Mehrwertapplikationen zu liefern, bauen.<\/p>\n<p>Mit der Unterst\u00fctzung unserer TM Server und Projektmanagement-Werkzeuge werden \u00dcbersetzungsspeicher, von unseren Sprachwissenschaftlern, gebaut, gewartet und geteilt, um die Qualit\u00e4t und Einheitlichkeit zu sichern, und die Kosten unserer Kunden zu reduzieren, wenn sie ihre Produkte in der Zukunft entwickeln.<\/p>\n<h4><\/h4>\n<h4 style=\"text-align: justify;\">CAT Werkzeuge:<\/h4>\n<ul>\n<li>Across 7<\/li>\n<li>MemoQ 8, MemoQ 9<\/li>\n<li>SDL Trados 2019 SR1<\/li>\n<li>Transit XV, NXT<\/li>\n<li>Wordfast 3.4, 5.12.1<\/li>\n<li>XTM 10.2<\/li>\n<li>Memsource Editor 20.1.2<\/li>\n<li>Translation Workspace XLIFF Editor 2.5.1<\/li>\n<\/ul>\n<h4>Projektmanagement-Tools<\/h4>\n<ul>\n<li>Project System 2020<\/li>\n<\/ul>\n<h4>Text Edition und Desktop-Publishing-Tools<\/h4>\n<ul>\n<li>QuarkXPress 8.0 Asian, 9.0, 10<\/li>\n<li>FrameMaker 11, 2017<\/li>\n<li>InDesign CC2020<\/li>\n<li>MS PowerPoint 2007, 2010, 2013, 2016<\/li>\n<li>MS Publisher 2007, 2016<\/li>\n<li>MS Visio 2010, 2016<\/li>\n<li>Acrobat Professional DC<\/li>\n<\/ul>\n<h4>Grafik- und Multimedia-Design<\/h4>\n<ul>\n<li>Illustrator CC2020<\/li>\n<li>PhotoShop CC2020 &amp; ImageReady CS4<\/li>\n<li>Corel Draw 12.0<\/li>\n<li>AutoCAD 2008, 2012, 2014<\/li>\n<li>CorelDRAW 10\uff0cX6<\/li>\n<\/ul>\n<h4>Betriebssystem<\/h4>\n<ul>\n<li>MS Windows 7, 10<\/li>\n<li>Mac OS X 10.6.5 Snow Leopard<\/li>\n<\/ul>\n<p>&nbsp;<\/p>\n<p>[\/et_pb_text][\/et_pb_column][et_pb_column type=&#8220;1_3&#8243;][et_pb_sidebar admin_label=&#8220;Sidebar&#8220; orientation=&#8220;right&#8220; area=&#8220;sidebar-1&#8243; background_layout=&#8220;light&#8220; \/][\/et_pb_column][\/et_pb_row][\/et_pb_section][et_pb_section fullwidth=&#8220;off&#8220; specialty=&#8220;off&#8220; transparent_background=&#8220;off&#8220; background_color=&#8220;#f9f9f9&#8243; inner_shadow=&#8220;off&#8220; parallax=&#8220;off&#8220; parallax_method=&#8220;off&#8220;][et_pb_row][et_pb_column type=&#8220;4_4&#8243;][et_pb_text admin_label=&#8220;Text&#8220; background_layout=&#8220;light&#8220; text_orientation=&#8220;center&#8220;]<\/p>\n<p>&nbsp;<\/p>\n<h2><a href=\"http:\/\/www.mts.cn\/zh-cn\/standard\/340-iso9001.html\"><img decoding=\"async\" class=\"alignnone wp-image-223 size-full\" src=\"http:\/\/www.mts-tech.com\/wp-content\/uploads\/2015\/01\/iso.jpg\" alt=\"iso\" width=\"150\" height=\"75\" \/><\/a>\u00a0 \u00a0<a href=\"http:\/\/www.mts.cn\/zh-cn\/industry-association\/150-tac.html\"><img decoding=\"async\" class=\"alignnone wp-image-222 size-full\" src=\"http:\/\/www.mts-tech.com\/wp-content\/uploads\/2015\/01\/tac.jpg\" alt=\"tac\" width=\"150\" height=\"75\" \/><\/a>\u00a0 \u00a0<a href=\"http:\/\/www.mts.cn\/zh-cn\/industry-association\/190-ata.html\"><img decoding=\"async\" class=\"alignnone wp-image-224 size-full\" src=\"http:\/\/www.mts-tech.com\/wp-content\/uploads\/2015\/01\/ata.jpg\" alt=\"ata\" width=\"150\" height=\"75\" \/><\/a>\u00a0 \u00a0<a href=\"http:\/\/www.mts.cn\/zh-cn\/industry-association\/338-alc.html\"><img loading=\"lazy\" loading=\"lazy\" decoding=\"async\" class=\"alignnone wp-image-220 size-full\" src=\"http:\/\/www.mts-tech.com\/wp-content\/uploads\/2015\/01\/alc.jpg\" alt=\"alc\" width=\"150\" height=\"75\" \/><\/a>\u00a0 \u00a0<a href=\"http:\/\/www.mts.cn\/zh-cn\/industry-association\/321-gala.html\"><img loading=\"lazy\" loading=\"lazy\" decoding=\"async\" class=\"alignnone wp-image-225 size-full\" src=\"http:\/\/www.mts-tech.com\/wp-content\/uploads\/2015\/01\/gala.jpg\" alt=\"gala\" width=\"150\" height=\"75\" \/><\/a>\u00a0 \u00a0<a href=\"http:\/\/www.mts.cn\/zh-cn\/industry-association\/339-xmta.html\"><img loading=\"lazy\" loading=\"lazy\" decoding=\"async\" class=\"alignnone wp-image-221 size-full\" src=\"http:\/\/www.mts-tech.com\/wp-content\/uploads\/2015\/01\/XMTA.jpg\" alt=\"xmta\" width=\"150\" height=\"75\" \/><\/a><\/h2>\n<p>&nbsp;<\/p>\n<p>[\/et_pb_text][\/et_pb_column][\/et_pb_row][\/et_pb_section][et_pb_section fullwidth=&#8220;off&#8220; specialty=&#8220;off&#8220; transparent_background=&#8220;off&#8220; background_color=&#8220;#000000&#8243; inner_shadow=&#8220;off&#8220; parallax=&#8220;off&#8220; parallax_method=&#8220;off&#8220;][et_pb_row][et_pb_column type=&#8220;4_4&#8243;][et_pb_text admin_label=&#8220;Text&#8220; background_layout=&#8220;dark&#8220; text_orientation=&#8220;center&#8220;]<\/p>\n<p>ADD.: 15 L\/M Huangda Building, No.28 Houdaixi Road, Xiamen 361004, P. R. China.<br \/>\nTel:+86-592-5185112\u00a0\u00a0 Fax:+86-592-5185755<br \/>\nAlle Rechte vorbehalten. Master Translations. \u00a92000-2020<\/p>\n<p>&nbsp;<\/p>\n<p>[\/et_pb_text][\/et_pb_column][\/et_pb_row][\/et_pb_section]<\/p>\n","protected":false},"excerpt":{"rendered":"<p><div class=\"et_pb_row et_pb_row_0 et_pb_row_empty\">\n\t\t\t\t\n\t\t\t\t\n\t\t\t\t\n\t\t\t\t\n\t\t\t\t\n\t\t\t<\/div> Wir besitzen innovative Technologien und Methodologien, die speziell f\u00fcr die Analyse, Produktion und Bearbeitung der Texte und der Sprache entwickelt wurden. Sie k\u00f6nnen auf unser technisches Fachwissen und Know-How, erstklassige Inhalte und Mehrwertapplikationen zu liefern, bauen. Mit der Unterst\u00fctzung unserer TM Server und Projektmanagement-Werkzeuge werden \u00dcbersetzungsspeicher, von unseren Sprachwissenschaftlern, gebaut, gewartet und geteilt, um [&hellip;]<\/p>\n","protected":false},"author":1,"featured_media":0,"parent":0,"menu_order":6,"comment_status":"closed","ping_status":"open","template":"","meta":{"_et_pb_use_builder":"on","_et_pb_old_content":"","_et_gb_content_width":"","footnotes":""},"class_list":["post-1381","page","type-page","status-publish","hentry"],"aioseo_notices":[],"_links":{"self":[{"href":"https:\/\/www.mts-tech.com\/de\/wp-json\/wp\/v2\/pages\/1381","targetHints":{"allow":["GET"]}}],"collection":[{"href":"https:\/\/www.mts-tech.com\/de\/wp-json\/wp\/v2\/pages"}],"about":[{"href":"https:\/\/www.mts-tech.com\/de\/wp-json\/wp\/v2\/types\/page"}],"author":[{"embeddable":true,"href":"https:\/\/www.mts-tech.com\/de\/wp-json\/wp\/v2\/users\/1"}],"replies":[{"embeddable":true,"href":"https:\/\/www.mts-tech.com\/de\/wp-json\/wp\/v2\/comments?post=1381"}],"version-history":[{"count":6,"href":"https:\/\/www.mts-tech.com\/de\/wp-json\/wp\/v2\/pages\/1381\/revisions"}],"predecessor-version":[{"id":6067,"href":"https:\/\/www.mts-tech.com\/de\/wp-json\/wp\/v2\/pages\/1381\/revisions\/6067"}],"wp:attachment":[{"href":"https:\/\/www.mts-tech.com\/de\/wp-json\/wp\/v2\/media?parent=1381"}],"curies":[{"name":"wp","href":"https:\/\/api.w.org\/{rel}","templated":true}]}}