{"id":1056,"date":"2014-12-30T14:30:55","date_gmt":"2014-12-30T14:30:55","guid":{"rendered":"http:\/\/www.mts-tech.com\/services-2\/"},"modified":"2020-08-19T07:35:47","modified_gmt":"2020-08-19T07:35:47","slug":"services","status":"publish","type":"page","link":"https:\/\/www.mts-tech.com\/es\/services\/","title":{"rendered":"Servicios"},"content":{"rendered":"<p>[et_pb_section fullwidth=\u00bbon\u00bb specialty=\u00bboff\u00bb background_color=\u00bb#2ea3f2&#8243; inner_shadow=\u00bboff\u00bb parallax=\u00bboff\u00bb background_image=\u00bbhttp:\/\/www.mts-tech.com\/wp-content\/uploads\/2014\/12\/Earth-3D-Air-Traces-Sunrise-Central-America-5000.jpg\u00bb transparent_background=\u00bboff\u00bb parallax_method=\u00bboff\u00bb][et_pb_fullwidth_header admin_label=\u00bbFullwidth Header\u00bb title=\u00bbServicios\u00bb background_layout=\u00bbdark\u00bb text_orientation=\u00bbleft\u00bb subhead=\u00bbSatisfacci\u00f3n garantizada al 100%\u00bb \/][\/et_pb_section][et_pb_section fullwidth=\u00bboff\u00bb specialty=\u00bboff\u00bb][et_pb_row][et_pb_column type=\u00bb2_3&#8243;][et_pb_text admin_label=\u00bbText\u00bb background_layout=\u00bblight\u00bb text_orientation=\u00bbleft\u00bb]<\/p>\n<ul>\n<li style=\"text-align: justify;\">\n<h4>Traducciones empresariales:<\/h4>\n<p>Ofrecemos servicios de traducci\u00f3n realizados por ling\u00fcistas nativos ubicados en los pa\u00edses del idioma de destino y con experiencia en el \u00e1rea respectiva. Hemos invertido nuestros recursos en contratar y capacitar una plantilla de ling\u00fcistas para garantizar su competencia t\u00e9cnica y ling\u00fc\u00edstica, y poder as\u00ed ofrecer traducciones con la m\u00e1s alta calidad en cualquier documento en sus idiomas de destino.<\/li>\n<li style=\"text-align: justify;\">\n<h4>Localizaci\u00f3n de <em>software<\/em>:<\/h4>\n<p>Contamos con todas las herramientas, la experiencia y los recursos necesarios para llevar a cabo proyectos de localizaci\u00f3n de software complejos siguiendo los procesos est\u00e1ndar de la industria. Nuestros expertos profesionales nativos pueden localizar su<em> software<\/em>, ya sea un sistema ERP complejo, un portal en l\u00ednea, una aplicaci\u00f3n de escritorio o una aplicaci\u00f3n para tel\u00e9fonos iOS o Android, en los idiomas de destino y manteniendo todas las funciones originales intactas.<\/p>\n<p>Traduciremos todo lo que se deba localizar en el <em>software<\/em>, incluyendo archivos de recursos, gr\u00e1ficas UI, documentaci\u00f3n y ayuda en l\u00ednea en los idiomas deseados manteniendo todas las funciones originales intactas. Nuestros servicios cubren normalmente las tres partes de un proyecto de localizaci\u00f3n: <em>software<\/em>, ayuda en l\u00ednea\u00a0 y documentaci\u00f3n.<\/li>\n<li style=\"text-align: justify;\">\n<h4>Localizaci\u00f3n de sitios web y redes sociales:<\/h4>\n<p>Suministramos servicios de localizaci\u00f3n de sitios web y publicaciones en redes sociales para ayudar a las empresas a conseguir un mayor impacto global.<\/p>\n<p>Nuestro equipo de creativos e ingenieros expertos en programaci\u00f3n web y RRSS, ling\u00fcistas que viven en sus pa\u00edses de origen y especialistas en SEO, conseguir\u00e1n un proceso de localizaci\u00f3n \u00f3ptimo que le permita ampliar su alcance a nuevos clientes y aumentar las ventas.<\/li>\n<li style=\"text-align: justify;\">\n<h4>Localizaci\u00f3n multimedia:<\/h4>\n<p>Master Translation Group suministra soluciones multimedia personalizadas que satisfacen las necesidades actuales gracias al equipo de localizaci\u00f3n, ingenier\u00eda e <em>e-learning<\/em>.<\/li>\n<li>\n<h4>Autoedici\u00f3n (DTP):<\/h4>\n<p style=\"text-align: justify;\">Nuestros especialistas en Autoedici\u00f3n (DTP) tienen gran experiencia en localizar documentaci\u00f3n de productos y material de <em>marketing<\/em> con los programas DTP adecuados para Windows o Macintosh. Usamos herramientas CAT y DTP de \u00faltima tecnolog\u00eda para plasmar su material en el idioma de destino y entregar archivos PDF listos para imprimir que mantienen la resoluci\u00f3n y calidad del original.<\/p>\n<\/li>\n<\/ul>\n<p>[\/et_pb_text][\/et_pb_column][et_pb_column type=\u00bb1_3&#8243;][et_pb_sidebar admin_label=\u00bbSidebar\u00bb orientation=\u00bbright\u00bb area=\u00bbsidebar-1&#8243; background_layout=\u00bblight\u00bb \/][\/et_pb_column][\/et_pb_row][\/et_pb_section][et_pb_section fullwidth=\u00bboff\u00bb specialty=\u00bboff\u00bb transparent_background=\u00bboff\u00bb background_color=\u00bb#f9f9f9&#8243; inner_shadow=\u00bboff\u00bb parallax=\u00bboff\u00bb parallax_method=\u00bboff\u00bb][et_pb_row][et_pb_column type=\u00bb4_4&#8243;][et_pb_text admin_label=\u00bbText\u00bb background_layout=\u00bblight\u00bb text_orientation=\u00bbcenter\u00bb]<\/p>\n<h2><a href=\"http:\/\/www.mts.cn\/zh-cn\/standard\/340-iso9001.html\"><img decoding=\"async\" class=\"alignnone wp-image-223 size-full\" src=\"http:\/\/www.mts-tech.com\/wp-content\/uploads\/2015\/01\/iso.jpg\" alt=\"iso\" width=\"150\" height=\"75\" \/><\/a>\u00a0 \u00a0<a href=\"http:\/\/www.mts.cn\/zh-cn\/industry-association\/150-tac.html\"><img decoding=\"async\" class=\"alignnone wp-image-222 size-full\" src=\"http:\/\/www.mts-tech.com\/wp-content\/uploads\/2015\/01\/tac.jpg\" alt=\"tac\" width=\"150\" height=\"75\" \/><\/a>\u00a0 \u00a0<a href=\"http:\/\/www.mts.cn\/zh-cn\/industry-association\/190-ata.html\"><img decoding=\"async\" class=\"alignnone wp-image-224 size-full\" src=\"http:\/\/www.mts-tech.com\/wp-content\/uploads\/2015\/01\/ata.jpg\" alt=\"ata\" width=\"150\" height=\"75\" \/><\/a>\u00a0 \u00a0<a href=\"http:\/\/www.mts.cn\/zh-cn\/industry-association\/338-alc.html\"><img loading=\"lazy\" loading=\"lazy\" decoding=\"async\" class=\"alignnone wp-image-220 size-full\" src=\"http:\/\/www.mts-tech.com\/wp-content\/uploads\/2015\/01\/alc.jpg\" alt=\"alc\" width=\"150\" height=\"75\" \/><\/a>\u00a0 \u00a0<a href=\"http:\/\/www.mts.cn\/zh-cn\/industry-association\/321-gala.html\"><img loading=\"lazy\" loading=\"lazy\" decoding=\"async\" class=\"alignnone wp-image-225 size-full\" src=\"http:\/\/www.mts-tech.com\/wp-content\/uploads\/2015\/01\/gala.jpg\" alt=\"gala\" width=\"150\" height=\"75\" \/><\/a>\u00a0 \u00a0<a href=\"http:\/\/www.mts.cn\/zh-cn\/industry-association\/339-xmta.html\"><img loading=\"lazy\" loading=\"lazy\" decoding=\"async\" class=\"alignnone wp-image-221 size-full\" src=\"http:\/\/www.mts-tech.com\/wp-content\/uploads\/2015\/01\/XMTA.jpg\" alt=\"xmta\" width=\"150\" height=\"75\" \/><\/a><\/h2>\n<p>[\/et_pb_text][\/et_pb_column][\/et_pb_row][\/et_pb_section][et_pb_section fullwidth=\u00bboff\u00bb specialty=\u00bboff\u00bb transparent_background=\u00bboff\u00bb background_color=\u00bb#000000&#8243; inner_shadow=\u00bboff\u00bb parallax=\u00bboff\u00bb parallax_method=\u00bboff\u00bb][et_pb_row][et_pb_column type=\u00bb4_4&#8243;][et_pb_text admin_label=\u00bbText\u00bb background_layout=\u00bbdark\u00bb text_orientation=\u00bbcenter\u00bb]<\/p>\n<p>Direcci\u00f3n:\u00a015 L\/M Huangda Building, No.28 Houdaixi Road, Xiamen 361004, P. R. China.<br \/>\nL\u00ednea gratuita: 400-6618-000<br \/>\nTodos los derechos reservados. Master Translations \u00a9 2000-2020<\/p>\n<p>[\/et_pb_text][\/et_pb_column][\/et_pb_row][\/et_pb_section]<\/p>\n","protected":false},"excerpt":{"rendered":"<p><div class=\"et_pb_row et_pb_row_0 et_pb_row_empty\">\n\t\t\t\t\n\t\t\t\t\n\t\t\t\t\n\t\t\t\t\n\t\t\t\t\n\t\t\t<\/div> Traducciones empresariales: Ofrecemos servicios de traducci\u00f3n realizados por ling\u00fcistas nativos ubicados en los pa\u00edses del idioma de destino y con experiencia en el \u00e1rea respectiva. Hemos invertido nuestros recursos en contratar y capacitar una plantilla de ling\u00fcistas para garantizar su competencia t\u00e9cnica y ling\u00fc\u00edstica, y poder as\u00ed ofrecer traducciones con la m\u00e1s alta calidad [&hellip;]<\/p>\n","protected":false},"author":1,"featured_media":0,"parent":0,"menu_order":3,"comment_status":"open","ping_status":"closed","template":"","meta":{"_et_pb_use_builder":"on","_et_pb_old_content":"<h3>\u00a0<\/h3>","_et_gb_content_width":"","footnotes":""},"class_list":["post-1056","page","type-page","status-publish","hentry"],"aioseo_notices":[],"_links":{"self":[{"href":"https:\/\/www.mts-tech.com\/es\/wp-json\/wp\/v2\/pages\/1056","targetHints":{"allow":["GET"]}}],"collection":[{"href":"https:\/\/www.mts-tech.com\/es\/wp-json\/wp\/v2\/pages"}],"about":[{"href":"https:\/\/www.mts-tech.com\/es\/wp-json\/wp\/v2\/types\/page"}],"author":[{"embeddable":true,"href":"https:\/\/www.mts-tech.com\/es\/wp-json\/wp\/v2\/users\/1"}],"replies":[{"embeddable":true,"href":"https:\/\/www.mts-tech.com\/es\/wp-json\/wp\/v2\/comments?post=1056"}],"version-history":[{"count":5,"href":"https:\/\/www.mts-tech.com\/es\/wp-json\/wp\/v2\/pages\/1056\/revisions"}],"predecessor-version":[{"id":6075,"href":"https:\/\/www.mts-tech.com\/es\/wp-json\/wp\/v2\/pages\/1056\/revisions\/6075"}],"wp:attachment":[{"href":"https:\/\/www.mts-tech.com\/es\/wp-json\/wp\/v2\/media?parent=1056"}],"curies":[{"name":"wp","href":"https:\/\/api.w.org\/{rel}","templated":true}]}}