{"id":1066,"date":"2015-01-02T14:51:19","date_gmt":"2015-01-02T14:51:19","guid":{"rendered":"http:\/\/www.mts-tech.com\/about-us\/advantages\/"},"modified":"2020-08-19T07:38:05","modified_gmt":"2020-08-19T07:38:05","slug":"advantages","status":"publish","type":"page","link":"https:\/\/www.mts-tech.com\/es\/advantages\/","title":{"rendered":"Ventajas"},"content":{"rendered":"<p>[et_pb_section fullwidth=\u00bbon\u00bb specialty=\u00bboff\u00bb background_color=\u00bb#2ea3f2&#8243; inner_shadow=\u00bboff\u00bb parallax=\u00bboff\u00bb background_image=\u00bbhttp:\/\/www.mts-tech.com\/wp-content\/uploads\/2014\/12\/Earth-3D-Air-Traces-Sunrise-Central-America-5000.jpg\u00bb transparent_background=\u00bboff\u00bb parallax_method=\u00bboff\u00bb][et_pb_fullwidth_header admin_label=\u00bbFullwidth Header\u00bb title=\u00bbVentajas\u00bb background_layout=\u00bbdark\u00bb text_orientation=\u00bbleft\u00bb subhead=\u00bbServicios profesionales r\u00e1pidos, confidenciales y fiables\u00bb \/][\/et_pb_section][et_pb_section fullwidth=\u00bboff\u00bb specialty=\u00bboff\u00bb][et_pb_row][et_pb_column type=\u00bb2_3&#8243;][et_pb_text admin_label=\u00bbText\u00bb background_layout=\u00bblight\u00bb text_orientation=\u00bbleft\u00bb]<\/p>\n<p style=\"text-align: justify;\">Desde MTS le aseguramos que podemos satisfacer todas sus necesidades de traducci\u00f3n y localizaci\u00f3n gracias a:<\/p>\n<ul>\n<li style=\"text-align: justify;\">20 a\u00f1os de experiencia<br \/>\nTenemos m\u00e1s de 20 a\u00f1os de experiencia real en el mundo de la traducci\u00f3n, localizaci\u00f3n y autoedici\u00f3n. Hemos trabajado con empresas de la lista de Fortune 500, as\u00ed como proveedores de servicios ling\u00fc\u00edsticos en todo el mundo.<\/li>\n<li style=\"text-align: justify;\">Garant\u00eda de calidad<br \/>\nMTS tiene la certificaci\u00f3n ISO9001:2015 que conseguimos gracias a casi dos d\u00e9cadas de trabajo por proyectos. Al brindar servicios de traducci\u00f3n y localizaci\u00f3n de alta calidad a precios asqequibles nos diferenciamos de otros proveedores del mercado.<\/li>\n<li style=\"text-align: justify;\">Tarifas\u00a0 competitivas<br \/>\nUno de nuestros centros de producci\u00f3n se encuentra en China, lo cual nos permite reducir los costes de administraci\u00f3n y producci\u00f3n. Nuestras tarifas razonables y competitivas van acompa\u00f1adas de formas de pago flexibles.<\/li>\n<li style=\"text-align: justify;\">Servicios profesionales<br \/>\nNuestros servicios son r\u00e1pidos, confidenciales y fiables. Incluso contamos con un equipo de gesti\u00f3n de proyectos en Norteam\u00e9rica para facilitar la comunicaci\u00f3n y el apoyo instant\u00e1neo.<\/li>\n<li>\n<p style=\"text-align: justify;\">Equipo profesional<br \/>\nNuestro equipo profesional consta de una plantilla con m\u00e1s de 100 ling\u00fcistas, m\u00e1s de una docena de directores de proyectos experimentados y un conjunto de programadores y especialistas en DTP (Autoedici\u00f3n).<\/p>\n<\/li>\n<\/ul>\n<p>[\/et_pb_text][\/et_pb_column][et_pb_column type=\u00bb1_3&#8243;][et_pb_sidebar admin_label=\u00bbSidebar\u00bb orientation=\u00bbright\u00bb area=\u00bbsidebar-1&#8243; background_layout=\u00bblight\u00bb \/][\/et_pb_column][\/et_pb_row][\/et_pb_section][et_pb_section fullwidth=\u00bboff\u00bb specialty=\u00bboff\u00bb transparent_background=\u00bboff\u00bb background_color=\u00bb#f9f9f9&#8243; inner_shadow=\u00bboff\u00bb parallax=\u00bboff\u00bb parallax_method=\u00bboff\u00bb][et_pb_row][et_pb_column type=\u00bb4_4&#8243;][et_pb_text admin_label=\u00bbText\u00bb background_layout=\u00bblight\u00bb text_orientation=\u00bbcenter\u00bb]<\/p>\n<h2><a href=\"http:\/\/www.mts.cn\/zh-cn\/standard\/340-iso9001.html\"><img decoding=\"async\" class=\"alignnone wp-image-223 size-full\" src=\"http:\/\/www.mts-tech.com\/wp-content\/uploads\/2015\/01\/iso.jpg\" alt=\"iso\" width=\"150\" height=\"75\" \/><\/a>\u00a0 \u00a0<a href=\"http:\/\/www.mts.cn\/zh-cn\/industry-association\/150-tac.html\"><img decoding=\"async\" class=\"alignnone wp-image-222 size-full\" src=\"http:\/\/www.mts-tech.com\/wp-content\/uploads\/2015\/01\/tac.jpg\" alt=\"tac\" width=\"150\" height=\"75\" \/><\/a>\u00a0 \u00a0<a href=\"http:\/\/www.mts.cn\/zh-cn\/industry-association\/190-ata.html\"><img decoding=\"async\" class=\"alignnone wp-image-224 size-full\" src=\"http:\/\/www.mts-tech.com\/wp-content\/uploads\/2015\/01\/ata.jpg\" alt=\"ata\" width=\"150\" height=\"75\" \/><\/a>\u00a0 \u00a0<a href=\"http:\/\/www.mts.cn\/zh-cn\/industry-association\/338-alc.html\"><img loading=\"lazy\" loading=\"lazy\" decoding=\"async\" class=\"alignnone wp-image-220 size-full\" src=\"http:\/\/www.mts-tech.com\/wp-content\/uploads\/2015\/01\/alc.jpg\" alt=\"alc\" width=\"150\" height=\"75\" \/><\/a>\u00a0 \u00a0<a href=\"http:\/\/www.mts.cn\/zh-cn\/industry-association\/321-gala.html\"><img loading=\"lazy\" loading=\"lazy\" decoding=\"async\" class=\"alignnone wp-image-225 size-full\" src=\"http:\/\/www.mts-tech.com\/wp-content\/uploads\/2015\/01\/gala.jpg\" alt=\"gala\" width=\"150\" height=\"75\" \/><\/a>\u00a0 \u00a0<a href=\"http:\/\/www.mts.cn\/zh-cn\/industry-association\/339-xmta.html\"><img loading=\"lazy\" loading=\"lazy\" decoding=\"async\" class=\"alignnone wp-image-221 size-full\" src=\"http:\/\/www.mts-tech.com\/wp-content\/uploads\/2015\/01\/XMTA.jpg\" alt=\"xmta\" width=\"150\" height=\"75\" \/><\/a><\/h2>\n<p>[\/et_pb_text][\/et_pb_column][\/et_pb_row][\/et_pb_section][et_pb_section fullwidth=\u00bboff\u00bb specialty=\u00bboff\u00bb transparent_background=\u00bboff\u00bb background_color=\u00bb#000000&#8243; inner_shadow=\u00bboff\u00bb parallax=\u00bboff\u00bb parallax_method=\u00bboff\u00bb][et_pb_row][et_pb_column type=\u00bb4_4&#8243;][et_pb_text admin_label=\u00bbText\u00bb background_layout=\u00bbdark\u00bb text_orientation=\u00bbcenter\u00bb]<\/p>\n<p>Direcci\u00f3n:\u00a015 L\/M Huangda Building, No.28 Houdaixi Road, Xiamen 361004, P. R. China.<br \/>\nL\u00ednea gratuita: 400-6618-000<br \/>\nTodos los derechos reservados. Master Translations.\u00a9 2000-2020<\/p>\n<p>[\/et_pb_text][\/et_pb_column][\/et_pb_row][\/et_pb_section]<\/p>\n","protected":false},"excerpt":{"rendered":"<p><div class=\"et_pb_row et_pb_row_0 et_pb_row_empty\">\n\t\t\t\t\n\t\t\t\t\n\t\t\t\t\n\t\t\t\t\n\t\t\t\t\n\t\t\t<\/div> Desde MTS le aseguramos que podemos satisfacer todas sus necesidades de traducci\u00f3n y localizaci\u00f3n gracias a: 20 a\u00f1os de experiencia Tenemos m\u00e1s de 20 a\u00f1os de experiencia real en el mundo de la traducci\u00f3n, localizaci\u00f3n y autoedici\u00f3n. Hemos trabajado con empresas de la lista de Fortune 500, as\u00ed como proveedores de servicios ling\u00fc\u00edsticos en [&hellip;]<\/p>\n","protected":false},"author":1,"featured_media":0,"parent":0,"menu_order":4,"comment_status":"open","ping_status":"closed","template":"","meta":{"_et_pb_use_builder":"on","_et_pb_old_content":"","_et_gb_content_width":"","footnotes":""},"class_list":["post-1066","page","type-page","status-publish","hentry"],"aioseo_notices":[],"_links":{"self":[{"href":"https:\/\/www.mts-tech.com\/es\/wp-json\/wp\/v2\/pages\/1066","targetHints":{"allow":["GET"]}}],"collection":[{"href":"https:\/\/www.mts-tech.com\/es\/wp-json\/wp\/v2\/pages"}],"about":[{"href":"https:\/\/www.mts-tech.com\/es\/wp-json\/wp\/v2\/types\/page"}],"author":[{"embeddable":true,"href":"https:\/\/www.mts-tech.com\/es\/wp-json\/wp\/v2\/users\/1"}],"replies":[{"embeddable":true,"href":"https:\/\/www.mts-tech.com\/es\/wp-json\/wp\/v2\/comments?post=1066"}],"version-history":[{"count":5,"href":"https:\/\/www.mts-tech.com\/es\/wp-json\/wp\/v2\/pages\/1066\/revisions"}],"predecessor-version":[{"id":6078,"href":"https:\/\/www.mts-tech.com\/es\/wp-json\/wp\/v2\/pages\/1066\/revisions\/6078"}],"wp:attachment":[{"href":"https:\/\/www.mts-tech.com\/es\/wp-json\/wp\/v2\/media?parent=1066"}],"curies":[{"name":"wp","href":"https:\/\/api.w.org\/{rel}","templated":true}]}}