{"id":1329,"date":"2015-03-12T03:04:37","date_gmt":"2015-03-12T03:04:37","guid":{"rendered":"http:\/\/www.mts-tech.com\/?page_id=1329"},"modified":"2020-08-19T07:46:09","modified_gmt":"2020-08-19T07:46:09","slug":"technology","status":"publish","type":"page","link":"https:\/\/www.mts-tech.com\/es\/technology\/","title":{"rendered":"Tecnolog\u00eda"},"content":{"rendered":"<p>[et_pb_section fullwidth=\u00bbon\u00bb specialty=\u00bboff\u00bb background_color=\u00bb#2ea3f2&#8243; inner_shadow=\u00bboff\u00bb parallax=\u00bboff\u00bb background_image=\u00bbhttp:\/\/www.mts-tech.com\/wp-content\/uploads\/2014\/12\/Earth-3D-Air-Traces-Sunrise-Central-America-5000.jpg\u00bb transparent_background=\u00bboff\u00bb parallax_method=\u00bboff\u00bb][et_pb_fullwidth_header admin_label=\u00bbFullwidth Header\u00bb title=\u00bbTecnolog\u00eda\u00bb background_layout=\u00bbdark\u00bb text_orientation=\u00bbleft\u00bb subhead=\u00bbSatisfacci\u00f3n garantizada o le devolveremos su dinero\u00bb \/][\/et_pb_section][et_pb_section fullwidth=\u00bboff\u00bb specialty=\u00bboff\u00bb][et_pb_row][et_pb_column type=\u00bb2_3&#8243;][et_pb_text admin_label=\u00bbText\u00bb background_layout=\u00bblight\u00bb text_orientation=\u00bbleft\u00bb]<\/p>\n<p style=\"text-align: justify; text-justify: inter-ideograph;\">Contamos con tecnolog\u00edas y metodolog\u00edas innovadoras especialmente dise\u00f1adas para el an\u00e1lisis, la producci\u00f3n y edici\u00f3n de textos y material audiovisual. Le aseguramos que contamos con los conocimientos t\u00e9cnicos necesarios para ofrecerle servicios de gran calidad con un valor a\u00f1adido para el mercado global.<\/p>\n<p style=\"text-align: justify;\">Con la ayuda de herramientas de administraci\u00f3n de proyectos y servidores de TM (memorias de traducci\u00f3n), se crean memorias de traducci\u00f3n, actualizadas y compartidas con los ling\u00fcistas, quienes se encargan de su mantenimiento para garantizar la calidad y consistencia reduciendo los costes a nuestros clientes cuando actualicen los productos en el futuro.<\/p>\n<h4 style=\"text-align: justify;\"><strong>Herramientas de traducci\u00f3n y localizaci\u00f3n (CAT\/TAO)<\/strong><\/h4>\n<p>Across 7<br \/>\nMemoQ 8, MemoQ 9<br \/>\nSDL Trados 2019 SR1<br \/>\nTransit XV, NXT<br \/>\nWordfast 3.4, 5.12.1<br \/>\nXTM 10.2<br \/>\nMemsource Editor 20.1.2<br \/>\nTranslation Workspace XLIFF Editor 2.5.1<\/p>\n<h4><strong>Herramientas de gesti\u00f3n de proyectos<\/strong><\/h4>\n<p>Project System 2020<\/p>\n<h4><strong>Herramientas de edici\u00f3n y maquetaci\u00f3n<\/strong><\/h4>\n<p>QuarkXPress 8.0 Asian, 9.0, 10<br \/>\nFrameMaker 11, 2017<br \/>\nInDesign CC2020<br \/>\nMS PowerPoint 2007, 2010, 2013, 2016<br \/>\nMS Publisher 2007, 2016<br \/>\nMS Visio 2010, 2016<br \/>\nAcrobat Professional DC<\/p>\n<h4><strong>Dise\u00f1o gr\u00e1fico y multimedia<br \/>\n<\/strong><\/h4>\n<p>Illustrator CC2020<br \/>\nPhotoShop CC2020 &amp; ImageReady CS4<br \/>\nCorel Draw 12.0<br \/>\nAutoCAD 2008, 2012, 2014<br \/>\nCorelDRAW 10\uff0cX6<\/p>\n<h4><strong>Sistemas operativos<\/strong><\/h4>\n<p>MS Windows 7, 10<br \/>\nMac OS X 10.6.5 Snow Leopard<\/p>\n<p>[\/et_pb_text][\/et_pb_column][et_pb_column type=\u00bb1_3&#8243;][et_pb_sidebar admin_label=\u00bbSidebar\u00bb orientation=\u00bbright\u00bb area=\u00bbsidebar-1&#8243; background_layout=\u00bblight\u00bb \/][\/et_pb_column][\/et_pb_row][\/et_pb_section][et_pb_section fullwidth=\u00bboff\u00bb specialty=\u00bboff\u00bb transparent_background=\u00bboff\u00bb background_color=\u00bb#f9f9f9&#8243; inner_shadow=\u00bboff\u00bb parallax=\u00bboff\u00bb parallax_method=\u00bboff\u00bb][et_pb_row][et_pb_column type=\u00bb4_4&#8243;][et_pb_text admin_label=\u00bbText\u00bb background_layout=\u00bblight\u00bb text_orientation=\u00bbcenter\u00bb]<\/p>\n<h2><a href=\"http:\/\/www.mts.cn\/zh-cn\/standard\/340-iso9001.html\"><img decoding=\"async\" class=\"alignnone wp-image-223 size-full\" src=\"http:\/\/www.mts-tech.com\/wp-content\/uploads\/2015\/01\/iso.jpg\" alt=\"iso\" width=\"150\" height=\"75\" \/><\/a>\u00a0 \u00a0<a href=\"http:\/\/www.mts.cn\/zh-cn\/industry-association\/150-tac.html\"><img decoding=\"async\" class=\"alignnone wp-image-222 size-full\" src=\"http:\/\/www.mts-tech.com\/wp-content\/uploads\/2015\/01\/tac.jpg\" alt=\"tac\" width=\"150\" height=\"75\" \/><\/a>\u00a0 \u00a0<a href=\"http:\/\/www.mts.cn\/zh-cn\/industry-association\/190-ata.html\"><img decoding=\"async\" class=\"alignnone wp-image-224 size-full\" src=\"http:\/\/www.mts-tech.com\/wp-content\/uploads\/2015\/01\/ata.jpg\" alt=\"ata\" width=\"150\" height=\"75\" \/><\/a>\u00a0 \u00a0<a href=\"http:\/\/www.mts.cn\/zh-cn\/industry-association\/338-alc.html\"><img loading=\"lazy\" loading=\"lazy\" decoding=\"async\" class=\"alignnone wp-image-220 size-full\" src=\"http:\/\/www.mts-tech.com\/wp-content\/uploads\/2015\/01\/alc.jpg\" alt=\"alc\" width=\"150\" height=\"75\" \/><\/a>\u00a0 \u00a0<a href=\"http:\/\/www.mts.cn\/zh-cn\/industry-association\/321-gala.html\"><img loading=\"lazy\" loading=\"lazy\" decoding=\"async\" class=\"alignnone wp-image-225 size-full\" src=\"http:\/\/www.mts-tech.com\/wp-content\/uploads\/2015\/01\/gala.jpg\" alt=\"gala\" width=\"150\" height=\"75\" \/><\/a>\u00a0 \u00a0<a href=\"http:\/\/www.mts.cn\/zh-cn\/industry-association\/339-xmta.html\"><img loading=\"lazy\" loading=\"lazy\" decoding=\"async\" class=\"alignnone wp-image-221 size-full\" src=\"http:\/\/www.mts-tech.com\/wp-content\/uploads\/2015\/01\/XMTA.jpg\" alt=\"xmta\" width=\"150\" height=\"75\" \/><\/a><\/h2>\n<p>[\/et_pb_text][\/et_pb_column][\/et_pb_row][\/et_pb_section][et_pb_section fullwidth=\u00bboff\u00bb specialty=\u00bboff\u00bb transparent_background=\u00bboff\u00bb background_color=\u00bb#000000&#8243; inner_shadow=\u00bboff\u00bb parallax=\u00bboff\u00bb parallax_method=\u00bboff\u00bb][et_pb_row][et_pb_column type=\u00bb4_4&#8243;][et_pb_text admin_label=\u00bbText\u00bb background_layout=\u00bbdark\u00bb text_orientation=\u00bbcenter\u00bb]<\/p>\n<p>Direcci\u00f3n: Unit J-I, 15 Fl., Huangda Building, No.28 Houdaixi Road, Xiamen 361004, R.P. China.<br \/>\nL\u00ednea gratuita: 400-6618-000<br \/>\nTodos los derechos reservados. Master Translations.\u00a9 2000-2020<\/p>\n<p>[\/et_pb_text][\/et_pb_column][\/et_pb_row][\/et_pb_section]<\/p>\n","protected":false},"excerpt":{"rendered":"<p><div class=\"et_pb_row et_pb_row_0 et_pb_row_empty\">\n\t\t\t\t\n\t\t\t\t\n\t\t\t\t\n\t\t\t\t\n\t\t\t\t\n\t\t\t<\/div> Contamos con tecnolog\u00edas y metodolog\u00edas innovadoras especialmente dise\u00f1adas para el an\u00e1lisis, la producci\u00f3n y edici\u00f3n de textos y material audiovisual. Le aseguramos que contamos con los conocimientos t\u00e9cnicos necesarios para ofrecerle servicios de gran calidad con un valor a\u00f1adido para el mercado global. Con la ayuda de herramientas de administraci\u00f3n de proyectos y servidores [&hellip;]<\/p>\n","protected":false},"author":1,"featured_media":0,"parent":0,"menu_order":6,"comment_status":"closed","ping_status":"closed","template":"","meta":{"_et_pb_use_builder":"on","_et_pb_old_content":"","_et_gb_content_width":"","footnotes":""},"class_list":["post-1329","page","type-page","status-publish","hentry"],"aioseo_notices":[],"_links":{"self":[{"href":"https:\/\/www.mts-tech.com\/es\/wp-json\/wp\/v2\/pages\/1329","targetHints":{"allow":["GET"]}}],"collection":[{"href":"https:\/\/www.mts-tech.com\/es\/wp-json\/wp\/v2\/pages"}],"about":[{"href":"https:\/\/www.mts-tech.com\/es\/wp-json\/wp\/v2\/types\/page"}],"author":[{"embeddable":true,"href":"https:\/\/www.mts-tech.com\/es\/wp-json\/wp\/v2\/users\/1"}],"replies":[{"embeddable":true,"href":"https:\/\/www.mts-tech.com\/es\/wp-json\/wp\/v2\/comments?post=1329"}],"version-history":[{"count":5,"href":"https:\/\/www.mts-tech.com\/es\/wp-json\/wp\/v2\/pages\/1329\/revisions"}],"predecessor-version":[{"id":6084,"href":"https:\/\/www.mts-tech.com\/es\/wp-json\/wp\/v2\/pages\/1329\/revisions\/6084"}],"wp:attachment":[{"href":"https:\/\/www.mts-tech.com\/es\/wp-json\/wp\/v2\/media?parent=1329"}],"curies":[{"name":"wp","href":"https:\/\/api.w.org\/{rel}","templated":true}]}}