{"id":888,"date":"2014-12-30T14:19:14","date_gmt":"2014-12-30T14:19:14","guid":{"rendered":"http:\/\/www.mts-tech.com\/home-2\/"},"modified":"2020-03-02T03:15:14","modified_gmt":"2020-03-02T03:15:14","slug":"home","status":"publish","type":"page","link":"https:\/\/www.mts-tech.com\/es\/","title":{"rendered":"Home"},"content":{"rendered":"<p>[et_pb_section fullwidth=\u00bbon\u00bb specialty=\u00bboff\u00bb][et_pb_fullwidth_slider admin_label=\u00bbFullwidth Slider\u00bb show_arrows=\u00bbon\u00bb show_pagination=\u00bbon\u00bb auto=\u00bbon\u00bb parallax=\u00bboff\u00bb parallax_method=\u00bboff\u00bb module_id=\u00bbmainslider\u00bb auto_speed=\u00bb5000&#8243;][et_pb_slide background_image=\u00bbhttp:\/\/www.mts-tech.com\/wp-content\/uploads\/2014\/12\/photodune-2263400-the-golden-gate-bridge-in-san-francisco-with-beautiful-blue-ocea-m.jpg\u00bb background_color=\u00bb#ffffff\u00bb alignment=\u00bbcenter\u00bb background_layout=\u00bbdark\u00bb heading=\u00bb<strong>Eliminamos las barreras culturales y ling\u00fc\u00edsticas del oc\u00e9ano Pac\u00edfico<\/strong>\u00bb \/][et_pb_slide background_image=\u00bbhttp:\/\/www.mts-tech.com\/wp-content\/uploads\/2014\/12\/photodune-218003-corporate-business-people-m.jpg\u00bb background_color=\u00bb#ffffff\u00bb alignment=\u00bbcenter\u00bb background_layout=\u00bbdark\u00bb heading=\u00bb<strong>Servicios profesionales r\u00e1pidos, confidenciales y fiables<\/strong>\u00bb \/][et_pb_slide background_image=\u00bbhttp:\/\/www.mts-tech.com\/wp-content\/uploads\/2014\/12\/Partner.jpg\u00bb background_color=\u00bb#ffffff\u00bb alignment=\u00bbcenter\u00bb background_layout=\u00bbdark\u00bb heading=\u00bb<strong> Su socio de confianza para los idiomas asi\u00e1ticos<\/strong>\u00bb \/][et_pb_slide background_image=\u00bbhttp:\/\/www.mts-tech.com\/wp-content\/uploads\/2014\/12\/Excellence.jpg\u00bb background_color=\u00bb#ffffff\u00bb alignment=\u00bbcenter\u00bb background_layout=\u00bbdark\u00bb heading=\u00bb<strong>20 a\u00f1os de excelencia en servicios ling\u00fc\u00edsticos<\/strong>\u00bb \/][\/et_pb_fullwidth_slider][\/et_pb_section][et_pb_section fullwidth=\u00bboff\u00bb specialty=\u00bboff\u00bb][et_pb_row][et_pb_column type=\u00bb2_3&#8243;][et_pb_text admin_label=\u00bbText\u00bb background_layout=\u00bblight\u00bb text_orientation=\u00bbleft\u00bb]<\/p>\n<div class=\"header-content clearfix\">\n<h3 style=\"text-align: justify;\"><span style=\"color: #ab1d1d;\">\u00a1Hola!<\/span><\/h3>\n<\/div>\n<p style=\"text-align: justify;\">Master Translations (MTS) est\u00e1 formado un equipo humano de proveedores de servicios ling\u00fc\u00edsticos especializado en traducciones t\u00e9cnicas, interpretaci\u00f3n, localizaci\u00f3n de software, localizaci\u00f3n de p\u00e1ginas web, DTP (Autoedici\u00f3n) multiling\u00fce y localizaci\u00f3n multimedia. Suministramos <span style=\"color: #ab1d1d;\"><strong>traducciones de alta calidad con precios asequibles hacia el chino y los principales idiomas asi\u00e1ticos<\/strong>.<\/span><\/p>\n<p style=\"text-align: justify;\">Durante casi 20 a\u00f1os, en MTS hemos estado comprometidos con las normas de calidad m\u00e1s exigentes, siempre al servicio de la industria de la traducci\u00f3n. Comenzamos siendo una peque\u00f1a empresa local y evolucionamos hasta convertirnos en uno de los principales proveedores de servicios de traducci\u00f3n y localizaci\u00f3n de Asia.<\/p>\n<p>Desde 2019 somos la<span style=\"color: #ab1d1d;\"> <strong>primera empresa de traducci\u00f3n china en obtener la certificaci\u00f3n ISO17100:2015<\/strong><\/span> de calidad en servicios de traducci\u00f3n.<\/p>\n<p style=\"text-align: justify;\">Con una plantilla de aproximadamente 100 ling\u00fcistas y gestores de proyectos a jornada completa, traducimos m\u00e1s de 50 millones de palabras al a\u00f1o y completamos muchos proyectos a gran escala tanto para las 500 principales compa\u00f1\u00edas de la lista Fortune como para proveedores de servicios l\u00edderes en traducci\u00f3n y localizaci\u00f3n a nivel mundial.<\/p>\n<p style=\"text-align: justify;\">Con sede principal en Xiamen, China, MTS tiene cinco sucursales y centros de producci\u00f3n en China continental, Taiw\u00e1n y Silicon Valley, EE. UU. Podemos suministrar <strong><span style=\"color: #ab1d1d;\">servicios 24\/7 a clientes de cualquier parte del mundo<\/span>\u00a0<\/strong>gracias a nuestros equipos coordinados de gesti\u00f3n de proyectos en Europa, Asia y EE. UU.<\/p>\n<p style=\"text-align: justify;\">Beneficios de trabajar con nosotros:<\/p>\n<ul>\n<li style=\"text-align: justify;\">Sus proyectos se asignar\u00e1n a ling\u00fcistas t\u00e9cnicamente competentes en su materia.<\/li>\n<li style=\"text-align: justify;\">Sus proyectos pasan por el proceso estandarizado de control de calidad ISO9001:2015 que consiste en la traducci\u00f3n, edici\u00f3n y correcci\u00f3n (TEP) de cualquier proyecto.<\/li>\n<li style=\"text-align: justify;\">Le aseguramos su privacidad y absoluta confidencialidad.<\/li>\n<li style=\"text-align: justify;\">Podr\u00e1 contar con un responsable de cuentas dedicado,\u00a0 experimentado, cercano y siempre disponible.<\/li>\n<li style=\"text-align: justify;\">Disfrutar\u00e1 de todos los servicios de manera sencilla, gracias a la integraci\u00f3n de la traducci\u00f3n profesional con las soluciones tecnol\u00f3gicas.<\/li>\n<li style=\"text-align: justify;\">Trabajar\u00e1 con un proveedor de servicios ling\u00fc\u00edsticos l\u00edder, con soporte t\u00e9cnico 24\/7 gracias a los equipos situados en EE. UU. y China.<\/li>\n<li style=\"text-align: justify;\">Con MTS su satisfacci\u00f3n est\u00e1 100% garantizada.<\/li>\n<\/ul>\n<p>[\/et_pb_text][\/et_pb_column][et_pb_column type=\u00bb1_3&#8243;][et_pb_sidebar admin_label=\u00bbSidebar\u00bb orientation=\u00bbright\u00bb area=\u00bbsidebar-1&#8243; background_layout=\u00bblight\u00bb \/][\/et_pb_column][\/et_pb_row][\/et_pb_section][et_pb_section fullwidth=\u00bboff\u00bb specialty=\u00bboff\u00bb transparent_background=\u00bboff\u00bb background_color=\u00bb#f9f9f9&#8243; inner_shadow=\u00bboff\u00bb parallax=\u00bboff\u00bb parallax_method=\u00bboff\u00bb module_class=\u00bbquali\u00bb][et_pb_row][et_pb_column type=\u00bb4_4&#8243;][et_pb_text admin_label=\u00bbText\u00bb background_layout=\u00bblight\u00bb text_orientation=\u00bbcenter\u00bb module_class=\u00bbquali\u00bb]<\/p>\n<h2><span style=\"color: #e80000;\">Certificados<\/span><\/h2>\n<p><a href=\"http:\/\/www.mts.cn\/zh-cn\/standard\/340-iso9001.html\"><img decoding=\"async\" class=\"alignnone wp-image-223 size-full\" src=\"http:\/\/www.mts-tech.com\/wp-content\/uploads\/2015\/01\/iso.jpg\" alt=\"iso\" width=\"150\" height=\"75\" \/><\/a>\u00a0 \u00a0<a href=\"http:\/\/www.mts.cn\/zh-cn\/industry-association\/150-tac.html\"><img decoding=\"async\" class=\"alignnone wp-image-222 size-full\" src=\"http:\/\/www.mts-tech.com\/wp-content\/uploads\/2015\/01\/tac.jpg\" alt=\"tac\" width=\"150\" height=\"75\" \/><\/a>\u00a0 \u00a0<a href=\"http:\/\/www.mts.cn\/zh-cn\/industry-association\/190-ata.html\"><img decoding=\"async\" class=\"alignnone wp-image-224 size-full\" src=\"http:\/\/www.mts-tech.com\/wp-content\/uploads\/2015\/01\/ata.jpg\" alt=\"ata\" width=\"150\" height=\"75\" \/><\/a>\u00a0 \u00a0<a href=\"http:\/\/www.mts.cn\/zh-cn\/industry-association\/338-alc.html\"><img loading=\"lazy\" loading=\"lazy\" decoding=\"async\" class=\"alignnone wp-image-220 size-full\" src=\"http:\/\/www.mts-tech.com\/wp-content\/uploads\/2015\/01\/alc.jpg\" alt=\"alc\" width=\"150\" height=\"75\" \/><\/a>\u00a0 \u00a0<a href=\"http:\/\/www.mts.cn\/zh-cn\/industry-association\/321-gala.html\"><img loading=\"lazy\" loading=\"lazy\" decoding=\"async\" class=\"alignnone wp-image-225 size-full\" src=\"http:\/\/www.mts-tech.com\/wp-content\/uploads\/2015\/01\/gala.jpg\" alt=\"gala\" width=\"150\" height=\"75\" \/><\/a>\u00a0 \u00a0<a href=\"http:\/\/www.mts.cn\/zh-cn\/industry-association\/339-xmta.html\"><img loading=\"lazy\" loading=\"lazy\" decoding=\"async\" class=\"alignnone wp-image-221 size-full\" src=\"http:\/\/www.mts-tech.com\/wp-content\/uploads\/2015\/01\/XMTA.jpg\" alt=\"xmta\" width=\"150\" height=\"75\" \/><\/a>[\/et_pb_text][\/et_pb_column][\/et_pb_row][\/et_pb_section][et_pb_section fullwidth=\u00bboff\u00bb specialty=\u00bboff\u00bb transparent_background=\u00bboff\u00bb background_color=\u00bb#000000&#8243; inner_shadow=\u00bboff\u00bb parallax=\u00bboff\u00bb parallax_method=\u00bboff\u00bb][et_pb_row][et_pb_column type=\u00bb4_4&#8243;][et_pb_text admin_label=\u00bbText\u00bb background_layout=\u00bbdark\u00bb text_orientation=\u00bbcenter\u00bb]<\/p>\n<p style=\"text-align: center;\">Direcci\u00f3n:\u00a015 L\/M Huangda Building, No.28 Houdaixi Road, Xiamen 361004, P. R. China.<br \/>\nL\u00ednea gratuita: 400-6618-000<br \/>\nTodos los derechos reservados. Master Translations.\u00a9 2000-2020<\/p>\n<p>[\/et_pb_text][\/et_pb_column][\/et_pb_row][\/et_pb_section]<\/p>\n","protected":false},"excerpt":{"rendered":"<p><div class=\"et_pb_row et_pb_row_0 et_pb_row_empty\">\n\t\t\t\t\n\t\t\t\t\n\t\t\t\t\n\t\t\t\t\n\t\t\t\t\n\t\t\t<\/div> \u00a1Hola! Master Translations (MTS) est\u00e1 formado un equipo humano de proveedores de servicios ling\u00fc\u00edsticos especializado en traducciones t\u00e9cnicas, interpretaci\u00f3n, localizaci\u00f3n de software, localizaci\u00f3n de p\u00e1ginas web, DTP (Autoedici\u00f3n) multiling\u00fce y localizaci\u00f3n multimedia. Suministramos traducciones de alta calidad con precios asequibles hacia el chino y los principales idiomas asi\u00e1ticos. Durante casi 20 a\u00f1os, en MTS [&hellip;]<\/p>\n","protected":false},"author":1,"featured_media":0,"parent":0,"menu_order":1,"comment_status":"open","ping_status":"closed","template":"","meta":{"_et_pb_use_builder":"on","_et_pb_old_content":"","_et_gb_content_width":"","footnotes":""},"class_list":["post-888","page","type-page","status-publish","hentry"],"aioseo_notices":[],"_links":{"self":[{"href":"https:\/\/www.mts-tech.com\/es\/wp-json\/wp\/v2\/pages\/888","targetHints":{"allow":["GET"]}}],"collection":[{"href":"https:\/\/www.mts-tech.com\/es\/wp-json\/wp\/v2\/pages"}],"about":[{"href":"https:\/\/www.mts-tech.com\/es\/wp-json\/wp\/v2\/types\/page"}],"author":[{"embeddable":true,"href":"https:\/\/www.mts-tech.com\/es\/wp-json\/wp\/v2\/users\/1"}],"replies":[{"embeddable":true,"href":"https:\/\/www.mts-tech.com\/es\/wp-json\/wp\/v2\/comments?post=888"}],"version-history":[{"count":5,"href":"https:\/\/www.mts-tech.com\/es\/wp-json\/wp\/v2\/pages\/888\/revisions"}],"predecessor-version":[{"id":5631,"href":"https:\/\/www.mts-tech.com\/es\/wp-json\/wp\/v2\/pages\/888\/revisions\/5631"}],"wp:attachment":[{"href":"https:\/\/www.mts-tech.com\/es\/wp-json\/wp\/v2\/media?parent=888"}],"curies":[{"name":"wp","href":"https:\/\/api.w.org\/{rel}","templated":true}]}}