{"id":902,"date":"2014-12-30T14:30:28","date_gmt":"2014-12-30T14:30:28","guid":{"rendered":"http:\/\/www.mts-tech.com\/about-us-2\/"},"modified":"2019-10-18T01:37:50","modified_gmt":"2019-10-18T01:37:50","slug":"about-us","status":"publish","type":"page","link":"https:\/\/www.mts-tech.com\/es\/about-us\/","title":{"rendered":"Qui\u00e9nes somos"},"content":{"rendered":"<p>[et_pb_section fullwidth=\u00bbon\u00bb specialty=\u00bboff\u00bb background_color=\u00bb#2ea3f2&#8243; inner_shadow=\u00bboff\u00bb parallax=\u00bboff\u00bb background_image=\u00bbhttp:\/\/www.mts-tech.com\/wp-content\/uploads\/2014\/12\/Earth-3D-Air-Traces-Sunrise-Central-America-5000.jpg\u00bb transparent_background=\u00bboff\u00bb parallax_method=\u00bboff\u00bb][et_pb_fullwidth_header admin_label=\u00bbFullwidth Header\u00bb title=\u00bbQui\u00e9nes somos\u00bb background_layout=\u00bbdark\u00bb text_orientation=\u00bbleft\u00bb subhead=\u00bbServicios profesionales precisos, confidenciales y asequibles\u00bb \/][\/et_pb_section][et_pb_section fullwidth=\u00bboff\u00bb specialty=\u00bboff\u00bb][et_pb_row][et_pb_column type=\u00bb2_3&#8243;][et_pb_text admin_label=\u00bbText\u00bb background_layout=\u00bblight\u00bb text_orientation=\u00bbleft\u00bb]<\/p>\n<p>Master Translations (MTS) es el proveedor de servicios de traducci\u00f3n, interpretaci\u00f3n y localizaci\u00f3n l\u00edder en Asia.<\/p>\n<p>Nos comprometemos a proporcionar servicios de primera clase, tales como traducci\u00f3n t\u00e9cnica, localizaci\u00f3n de <em>software<\/em> y p\u00e1ginas web, maquetaci\u00f3n multiling\u00fce, etc. Ofrecemos soluciones de traducci\u00f3n rentables y de alta calidad al chino y los principales idiomas asi\u00e1ticos.<\/p>\n<p>Durante casi 20 a\u00f1os hemos establecido los est\u00e1ndares de calidad m\u00e1s altos en el campo de traducci\u00f3n. Desde nuestros inicios como una empresa de traducci\u00f3n a peque\u00f1a escala hasta hoy, nos hemos convertido en uno de los proveedores de servicios de traducci\u00f3n y localizaci\u00f3n m\u00e1s importantes de Asia.<\/p>\n<p>Tenemos una plantilla de cerca de cien traductores y gestores de proyectos a tiempo completo, con m\u00e1s de 50 millones de palabras traducidas al a\u00f1o. Trabajamos con profesionalidad tanto para proyectos a gran escala con algunas de las 500 empresas listadas en Fortune como para los proveedores l\u00edderes de servicios de traducci\u00f3n y localizaci\u00f3n a nivel mundial. Asimismo, trabajamos con sumo cuidado y mimo para los proyectos de nuestros clientes de todo el mundo.<\/p>\n<p>La empresa tiene su sede en Xiamen, China, y cinco sucursales y centros de producci\u00f3n en la parte continental de China, Taiw\u00e1n, y Silicon Valley, en EE. UU. Gracias a la coordinaci\u00f3n de nuetros equipos, podemos ofrecer un atenci\u00f3n personalizada las 24 horas del d\u00eda en cualquier rinc\u00f3n del mundo.<\/p>\n<p><span style=\"color: #ab2424;\"><strong>\u00bfPor qu\u00e9 nos eligen?<\/strong><\/span><\/p>\n<p><span style=\"color: #ab2424;\">\u2666<\/span> Porque le aseguramos que asignaremos su proyecto a un <span style=\"color: #ab2424;\">traductor con las capacidades t\u00e9cnicas adecuadas<\/span> en relaci\u00f3n con su materia.<\/p>\n<p><span style=\"color: #ab2424;\">\u2666 <\/span>Porque nos encargamos de su proyecto siguiendo estrictamente la normativa estandarizada de <span style=\"color: #ab2424;\">control de calidad<\/span> ISO9001:2015, que sigue los pasos de traducci\u00f3n, edici\u00f3n y correcci\u00f3n (<em>translation, edition and proofreading<\/em>).<\/p>\n<p><span style=\"color: #ab2424;\">\u2666 <\/span>Porque sus proyectos est\u00e1n a salvo con nosotros. <span style=\"color: #ab2424;\">Confidencialidad<\/span> y privacidad garantizadas.<\/p>\n<p><span style=\"color: #ab2424;\">\u2665<\/span> Porque nuestro equipo humano le atender\u00e1 con <span style=\"color: #ab2424;\">experiencia y cercan\u00eda<\/span>. Resolveremos cualquier duda de forma oportuna y profesional.<\/p>\n<p><span style=\"color: #ab2424;\">\u2666 <\/span>Porque combinamos las capacidades de nuestro excelente equipo de ling\u00fcistas y gestores, con la eficiencia de nuestro equipo t\u00e9cnico, para ofrecerle todas las soluciones y servicios ling\u00fc\u00edsticos que pueda precisar.<\/p>\n<p>Si elige MTS, habr\u00e1 elegido un proveedor de servicios ling\u00fc\u00edsticos de primera clase, con atenci\u00f3n al cliente 24 horas, gracias a nuestro equipo en California (EE. UU.), y China.<\/p>\n<p><span style=\"color: #ab2424;\">Gracias por elegirnos.<\/span><\/p>\n<p>MTS traducciones: satisfacci\u00f3n 100% garantizada.<\/p>\n<p>[\/et_pb_text][\/et_pb_column][et_pb_column type=\u00bb1_3&#8243;][et_pb_sidebar admin_label=\u00bbSidebar\u00bb orientation=\u00bbleft\u00bb area=\u00bbsidebar-1&#8243; background_layout=\u00bblight\u00bb \/][\/et_pb_column][\/et_pb_row][\/et_pb_section][et_pb_section fullwidth=\u00bboff\u00bb specialty=\u00bboff\u00bb transparent_background=\u00bboff\u00bb background_color=\u00bb#f9f9f9&#8243; inner_shadow=\u00bboff\u00bb parallax=\u00bboff\u00bb parallax_method=\u00bboff\u00bb][et_pb_row][et_pb_column type=\u00bb4_4&#8243;][\/et_pb_column][\/et_pb_row][\/et_pb_section][et_pb_section fullwidth=\u00bboff\u00bb specialty=\u00bboff\u00bb transparent_background=\u00bboff\u00bb background_color=\u00bb#000000&#8243; inner_shadow=\u00bboff\u00bb parallax=\u00bboff\u00bb parallax_method=\u00bboff\u00bb][et_pb_row][et_pb_column type=\u00bb4_4&#8243;][\/et_pb_column][\/et_pb_row][\/et_pb_section]<\/p>\n","protected":false},"excerpt":{"rendered":"<p><div class=\"et_pb_row et_pb_row_0 et_pb_row_empty\">\n\t\t\t\t\n\t\t\t\t\n\t\t\t\t\n\t\t\t\t\n\t\t\t\t\n\t\t\t<\/div> Master Translations (MTS) es el proveedor de servicios de traducci\u00f3n, interpretaci\u00f3n y localizaci\u00f3n l\u00edder en Asia. Nos comprometemos a proporcionar servicios de primera clase, tales como traducci\u00f3n t\u00e9cnica, localizaci\u00f3n de software y p\u00e1ginas web, maquetaci\u00f3n multiling\u00fce, etc. Ofrecemos soluciones de traducci\u00f3n rentables y de alta calidad al chino y los principales idiomas asi\u00e1ticos. Durante [&hellip;]<\/p>\n","protected":false},"author":1,"featured_media":0,"parent":0,"menu_order":2,"comment_status":"open","ping_status":"closed","template":"","meta":{"_et_pb_use_builder":"on","_et_pb_old_content":"","_et_gb_content_width":"","footnotes":""},"class_list":["post-902","page","type-page","status-publish","hentry"],"aioseo_notices":[],"_links":{"self":[{"href":"https:\/\/www.mts-tech.com\/es\/wp-json\/wp\/v2\/pages\/902","targetHints":{"allow":["GET"]}}],"collection":[{"href":"https:\/\/www.mts-tech.com\/es\/wp-json\/wp\/v2\/pages"}],"about":[{"href":"https:\/\/www.mts-tech.com\/es\/wp-json\/wp\/v2\/types\/page"}],"author":[{"embeddable":true,"href":"https:\/\/www.mts-tech.com\/es\/wp-json\/wp\/v2\/users\/1"}],"replies":[{"embeddable":true,"href":"https:\/\/www.mts-tech.com\/es\/wp-json\/wp\/v2\/comments?post=902"}],"version-history":[{"count":5,"href":"https:\/\/www.mts-tech.com\/es\/wp-json\/wp\/v2\/pages\/902\/revisions"}],"predecessor-version":[{"id":4811,"href":"https:\/\/www.mts-tech.com\/es\/wp-json\/wp\/v2\/pages\/902\/revisions\/4811"}],"wp:attachment":[{"href":"https:\/\/www.mts-tech.com\/es\/wp-json\/wp\/v2\/media?parent=902"}],"curies":[{"name":"wp","href":"https:\/\/api.w.org\/{rel}","templated":true}]}}