{"id":1054,"date":"2014-12-30T14:30:55","date_gmt":"2014-12-30T14:30:55","guid":{"rendered":"http:\/\/www.mts-tech.com\/services-2\/"},"modified":"2020-08-19T06:39:09","modified_gmt":"2020-08-19T06:39:09","slug":"services","status":"publish","type":"page","link":"https:\/\/www.mts-tech.com\/fr\/services\/","title":{"rendered":"Services"},"content":{"rendered":"<p>[et_pb_section fullwidth=\u00a0\u00bbon\u00a0\u00bb specialty=\u00a0\u00bboff\u00a0\u00bb background_color=\u00a0\u00bb#2ea3f2&Prime; inner_shadow=\u00a0\u00bboff\u00a0\u00bb parallax=\u00a0\u00bboff\u00a0\u00bb background_image=\u00a0\u00bbhttp:\/\/www.mts-tech.com\/wp-content\/uploads\/2014\/12\/Earth-3D-Air-Traces-Sunrise-Central-America-5000.jpg\u00a0\u00bb transparent_background=\u00a0\u00bboff\u00a0\u00bb parallax_method=\u00a0\u00bboff\u00a0\u00bb][et_pb_fullwidth_header admin_label=\u00a0\u00bbFullwidth Header\u00a0\u00bb title=\u00a0\u00bbServices\u00a0\u00bb background_layout=\u00a0\u00bbdark\u00a0\u00bb text_orientation=\u00a0\u00bbleft\u00a0\u00bb subhead=\u00a0\u00bbSatisfaction 100% garantie\u00a0\u00bb \/][\/et_pb_section][et_pb_section fullwidth=\u00a0\u00bboff\u00a0\u00bb specialty=\u00a0\u00bboff\u00a0\u00bb][et_pb_row][et_pb_column type=\u00a0\u00bb2_3&Prime;][et_pb_text admin_label=\u00a0\u00bbText\u00a0\u00bb background_layout=\u00a0\u00bblight\u00a0\u00bb text_orientation=\u00a0\u00bbleft\u00a0\u00bb]<\/p>\n<h4 style=\"text-align: justify;\">TRADUCTIONS PROFESSIONNELLES :<\/h4>\n<p style=\"text-align: justify;\">nous fournissons des services de traduction par des linguistes natifs, experts en la mati\u00e8re, se trouvant dans les pays du march\u00e9 cible. Nous avons consacr\u00e9 nos ressources \u00e0 recruter et \u00e0 former nos linguistes internes et ind\u00e9pendants pour qu&rsquo;ils soient techniquement et linguistiquement comp\u00e9tents \u00e0 assurer une traduction de la plus haute qualit\u00e9, de tout document, dans leurs langues maternelles.<\/p>\n<h4 style=\"text-align: justify;\">LOCALISATION DE LOGICIELS :<\/h4>\n<p style=\"text-align: justify;\">nous disposons de tous les outils, l&rsquo;exp\u00e9rience et les ressources n\u00e9cessaires pour r\u00e9aliser des projets de localisation de logiciels complexes tout en respectant les processus standard de l&rsquo;industrie. Nos professionnels natifs et exp\u00e9riment\u00e9s peuvent effectuer la localisation de vos logiciels dans les langues cibles, qu\u2019il s\u2019agit d\u2019un syst\u00e8me ERP (planification des ressources de l&rsquo;organisation) complexe, portail en ligne, application bureautique ou application smartphone Android ou iOS, tout en gardant toutes les fonctionnalit\u00e9s d&rsquo;origine intactes. Nous traduisons dans les langues cibles tout ce qui est n\u00e9cessaire \u00e0 localiser dans un logiciel, y compris les fichiers ressources, l&rsquo;interface utilisateur graphique, l\u2019aide en ligne et la documentation, tout en gardant toutes les fonctionnalit\u00e9s d&rsquo;origine intactes.<\/p>\n<p style=\"text-align: justify;\">Nos services couvrent g\u00e9n\u00e9ralement toutes les trois parties d&rsquo;un projet de localisation :<\/p>\n<p style=\"text-align: justify;\">Logiciels<\/p>\n<p style=\"text-align: justify;\">Aide en ligne<\/p>\n<p style=\"text-align: justify;\">Documentation<\/p>\n<h4 style=\"text-align: justify;\">LOCALISATION DE SITES WEB :<\/h4>\n<p style=\"text-align: justify;\">nous fournissons des services de localisation de sites Web pour que les entreprises puissent avoir leur site Web en plusieurs langues, donc accessible par le plus grand nombre de visiteurs. Pour nous, la ma\u00eetrise du processus de localisation est assur\u00e9e gr\u00e2ce \u00e0 notre connaissance profonde des techniques du Web, \u00e0 nos concepteurs et ing\u00e9nieurs de programmation de sites Web exp\u00e9riment\u00e9s, \u00e0 nos linguistes et sp\u00e9cialistes en r\u00e9f\u00e9rencement dans diff\u00e9rents pays, qui feront \u00e9largir la sph\u00e8re d&rsquo;influence de votre site et vous permettront d\u2019augmenter vos ventes.<\/p>\n<h4 style=\"text-align: justify;\">LOCALISATION MULTIM\u00c9DIA :<\/h4>\n<p style=\"text-align: justify;\">notre groupe Master Translation fournit des solutions multim\u00e9dias d\u00e9di\u00e9es qui r\u00e9pondent aux exigences actuelles, gr\u00e2ce \u00e0 notre expertise en mati\u00e8re de localisation, d&rsquo;ing\u00e9nierie et d\u2019apprentissage en ligne (eLearning).<\/p>\n<h4 style=\"text-align: justify;\">PUBLICATION ASSIST\u00c9E PAR ORDINATEUR :<\/h4>\n<p style=\"text-align: justify;\">nos sp\u00e9cialistes en Publication Assist\u00e9e par Ordinateur (PAO) sont tr\u00e8s exp\u00e9riment\u00e9s dans la localisation de la documentation des produits et des contenus de marketing gr\u00e2ce \u00e0 la ma\u00eetrise des logiciels de PAO sous Windows et Macintosh. Nous utilisons les logiciels de traduction assist\u00e9e par ordinateur (TAO) et de PAO les plus r\u00e9cents pour reproduire vos documents dans les langues cibles et vous livrer des fichiers PDF pr\u00eats \u00e0 l\u2019impression qui pr\u00e9servent tous les aspects des originaux.<\/p>\n<p>[\/et_pb_text][\/et_pb_column][et_pb_column type=\u00a0\u00bb1_3&Prime;][et_pb_sidebar admin_label=\u00a0\u00bbSidebar\u00a0\u00bb orientation=\u00a0\u00bbright\u00a0\u00bb area=\u00a0\u00bbsidebar-1&Prime; background_layout=\u00a0\u00bblight\u00a0\u00bb \/][\/et_pb_column][\/et_pb_row][\/et_pb_section][et_pb_section fullwidth=\u00a0\u00bboff\u00a0\u00bb specialty=\u00a0\u00bboff\u00a0\u00bb transparent_background=\u00a0\u00bboff\u00a0\u00bb background_color=\u00a0\u00bb#f9f9f9&Prime; inner_shadow=\u00a0\u00bboff\u00a0\u00bb parallax=\u00a0\u00bboff\u00a0\u00bb parallax_method=\u00a0\u00bboff\u00a0\u00bb][et_pb_row][et_pb_column type=\u00a0\u00bb4_4&Prime;][et_pb_text admin_label=\u00a0\u00bbText\u00a0\u00bb background_layout=\u00a0\u00bblight\u00a0\u00bb text_orientation=\u00a0\u00bbcenter\u00a0\u00bb]<\/p>\n<h2><a href=\"http:\/\/www.mts.cn\/zh-cn\/standard\/340-iso9001.html\"><img decoding=\"async\" class=\"alignnone wp-image-223 size-full\" src=\"http:\/\/www.mts-tech.com\/wp-content\/uploads\/2015\/01\/iso.jpg\" alt=\"iso\" width=\"150\" height=\"75\" \/><\/a>\u00a0 \u00a0<a href=\"http:\/\/www.mts.cn\/zh-cn\/industry-association\/150-tac.html\"><img decoding=\"async\" class=\"alignnone wp-image-222 size-full\" src=\"http:\/\/www.mts-tech.com\/wp-content\/uploads\/2015\/01\/tac.jpg\" alt=\"tac\" width=\"150\" height=\"75\" \/><\/a>\u00a0 \u00a0<a href=\"http:\/\/www.mts.cn\/zh-cn\/industry-association\/190-ata.html\"><img decoding=\"async\" class=\"alignnone wp-image-224 size-full\" src=\"http:\/\/www.mts-tech.com\/wp-content\/uploads\/2015\/01\/ata.jpg\" alt=\"ata\" width=\"150\" height=\"75\" \/><\/a>\u00a0 \u00a0<a href=\"http:\/\/www.mts.cn\/zh-cn\/industry-association\/338-alc.html\"><img loading=\"lazy\" loading=\"lazy\" decoding=\"async\" class=\"alignnone wp-image-220 size-full\" src=\"http:\/\/www.mts-tech.com\/wp-content\/uploads\/2015\/01\/alc.jpg\" alt=\"alc\" width=\"150\" height=\"75\" \/><\/a>\u00a0 \u00a0<a href=\"http:\/\/www.mts.cn\/zh-cn\/industry-association\/321-gala.html\"><img loading=\"lazy\" loading=\"lazy\" decoding=\"async\" class=\"alignnone wp-image-225 size-full\" src=\"http:\/\/www.mts-tech.com\/wp-content\/uploads\/2015\/01\/gala.jpg\" alt=\"gala\" width=\"150\" height=\"75\" \/><\/a>\u00a0 \u00a0<a href=\"http:\/\/www.mts.cn\/zh-cn\/industry-association\/339-xmta.html\"><img loading=\"lazy\" loading=\"lazy\" decoding=\"async\" class=\"alignnone wp-image-221 size-full\" src=\"http:\/\/www.mts-tech.com\/wp-content\/uploads\/2015\/01\/XMTA.jpg\" alt=\"xmta\" width=\"150\" height=\"75\" \/><\/a><\/h2>\n<p>[\/et_pb_text][\/et_pb_column][\/et_pb_row][\/et_pb_section][et_pb_section fullwidth=\u00a0\u00bboff\u00a0\u00bb specialty=\u00a0\u00bboff\u00a0\u00bb transparent_background=\u00a0\u00bboff\u00a0\u00bb background_color=\u00a0\u00bb#000000&Prime; inner_shadow=\u00a0\u00bboff\u00a0\u00bb parallax=\u00a0\u00bboff\u00a0\u00bb parallax_method=\u00a0\u00bboff\u00a0\u00bb][et_pb_row][et_pb_column type=\u00a0\u00bb4_4&Prime;][et_pb_text admin_label=\u00a0\u00bbText\u00a0\u00bb background_layout=\u00a0\u00bbdark\u00a0\u00bb text_orientation=\u00a0\u00bbcenter\u00a0\u00bb]<\/p>\n<p>Locale:\u00a015 L\/M Huangda Building, No.28 Houdaixi Road, Xiamen 361004, P. R. China.<br \/>\nTel: +86-592-5185157 5185159 \u00a0\u00a0Fax: +86-592-5185755<br \/>\n\u00a9 2000-2020 Master Translations.\u00a0 All Rights Reserved.<\/p>\n<p>[\/et_pb_text][\/et_pb_column][\/et_pb_row][\/et_pb_section]<\/p>\n","protected":false},"excerpt":{"rendered":"<p><div class=\"et_pb_row et_pb_row_0 et_pb_row_empty\">\n\t\t\t\t\n\t\t\t\t\n\t\t\t\t\n\t\t\t\t\n\t\t\t\t\n\t\t\t<\/div> TRADUCTIONS PROFESSIONNELLES : nous fournissons des services de traduction par des linguistes natifs, experts en la mati\u00e8re, se trouvant dans les pays du march\u00e9 cible. Nous avons consacr\u00e9 nos ressources \u00e0 recruter et \u00e0 former nos linguistes internes et ind\u00e9pendants pour qu&rsquo;ils soient techniquement et linguistiquement comp\u00e9tents \u00e0 assurer une traduction de la plus [&hellip;]<\/p>\n","protected":false},"author":1,"featured_media":0,"parent":0,"menu_order":3,"comment_status":"open","ping_status":"closed","template":"","meta":{"_et_pb_use_builder":"on","_et_pb_old_content":"<h3>\u00a0<\/h3>","_et_gb_content_width":"","footnotes":""},"class_list":["post-1054","page","type-page","status-publish","hentry"],"aioseo_notices":[],"_links":{"self":[{"href":"https:\/\/www.mts-tech.com\/fr\/wp-json\/wp\/v2\/pages\/1054","targetHints":{"allow":["GET"]}}],"collection":[{"href":"https:\/\/www.mts-tech.com\/fr\/wp-json\/wp\/v2\/pages"}],"about":[{"href":"https:\/\/www.mts-tech.com\/fr\/wp-json\/wp\/v2\/types\/page"}],"author":[{"embeddable":true,"href":"https:\/\/www.mts-tech.com\/fr\/wp-json\/wp\/v2\/users\/1"}],"replies":[{"embeddable":true,"href":"https:\/\/www.mts-tech.com\/fr\/wp-json\/wp\/v2\/comments?post=1054"}],"version-history":[{"count":6,"href":"https:\/\/www.mts-tech.com\/fr\/wp-json\/wp\/v2\/pages\/1054\/revisions"}],"predecessor-version":[{"id":6045,"href":"https:\/\/www.mts-tech.com\/fr\/wp-json\/wp\/v2\/pages\/1054\/revisions\/6045"}],"wp:attachment":[{"href":"https:\/\/www.mts-tech.com\/fr\/wp-json\/wp\/v2\/media?parent=1054"}],"curies":[{"name":"wp","href":"https:\/\/api.w.org\/{rel}","templated":true}]}}