{"id":1059,"date":"2015-01-02T15:24:48","date_gmt":"2015-01-02T15:24:48","guid":{"rendered":"http:\/\/www.mts-tech.com\/industries-2\/"},"modified":"2018-08-02T08:10:29","modified_gmt":"2018-08-02T08:10:29","slug":"industries","status":"publish","type":"page","link":"https:\/\/www.mts-tech.com\/fr\/services\/industries\/","title":{"rendered":"Industries"},"content":{"rendered":"<p>[et_pb_section fullwidth=\u00a0\u00bbon\u00a0\u00bb specialty=\u00a0\u00bboff\u00a0\u00bb background_color=\u00a0\u00bb#2ea3f2&Prime; inner_shadow=\u00a0\u00bboff\u00a0\u00bb parallax=\u00a0\u00bboff\u00a0\u00bb background_image=\u00a0\u00bbhttp:\/\/www.mts-tech.com\/wp-content\/uploads\/2014\/12\/Earth-3D-Air-Traces-Sunrise-Central-America-5000.jpg\u00a0\u00bb transparent_background=\u00a0\u00bboff\u00a0\u00bb parallax_method=\u00a0\u00bboff\u00a0\u00bb][et_pb_fullwidth_header admin_label=\u00a0\u00bbFullwidth Header\u00a0\u00bb title=\u00a0\u00bbIndustries\u00a0\u00bb subhead=\u00a0\u00bbIndustry-focused Language Translation Company\u00a0\u00bb background_layout=\u00a0\u00bbdark\u00a0\u00bb text_orientation=\u00a0\u00bbleft\u00a0\u00bb \/][\/et_pb_section][et_pb_section fullwidth=\u00a0\u00bboff\u00a0\u00bb specialty=\u00a0\u00bboff\u00a0\u00bb][et_pb_row][et_pb_column type=\u00a0\u00bb2_3&Prime;][et_pb_text admin_label=\u00a0\u00bbText\u00a0\u00bb background_layout=\u00a0\u00bblight\u00a0\u00bb text_orientation=\u00a0\u00bbleft\u00a0\u00bb]<\/p>\n<p>Plus de 6\u2009500 langues parl\u00e9es dans le monde, et les gens du monde entier pr\u00e9f\u00e8rent utiliser leur langue maternelle. Fournissant des services linguistiques pour les clients peuvent \u00e9tablir la confiance et la fid\u00e9lit\u00e9 de marque.Cela a permis une croissance rapide au cours des deux derni\u00e8res d\u00e9cennies gr\u00e2ce \u00e0 l\u2019exp\u00e9rience de l\u2019industrie avec des services linguistiques. En outre, la mondialisation joue aussi un r\u00f4le important dans ce d\u00e9veloppement.L\u2019industrie de services linguistique couvre la traduction, l\u2019interpr\u00e9tation, la traduction automatique, et la technologie de langage humain.<\/p>\n<p>Voici quelques faits sur l\u2019industrie des services linguistiques que vous devriez savoir.<\/p>\n<p>1.La taille de l\u2019ensemble de l\u2019industrie de la langue mondiale atteindra jusqu\u2019\u00e0 45 milliards de dollars en 2020.<\/p>\n<p>2.Inc. Magazine estime que les industries de services linguistiques sont l\u2019un des\u00a0<a href=\"http:\/\/www.inc.com\/magazine\/201404\/darren-dahl\/the-best-industries-for-starting-a-business.html\">meilleurs secteurs<\/a>.<\/p>\n<p>3.Common Sense Advisory Research (CSA Research) d\u00e9montre un taux de croissance annuel de\u00a0<a href=\"http:\/\/content.lionbridge.com\/lionbridge-named-top-ranked-language-service-provider-2015\/\">6,46\u00a0%<\/a>\u00a0pour le march\u00e9 des services linguistiques.<\/p>\n<p>Avec une traduction de documents efficace et impressionnante, des services \u00e0 l\u2019heure, des services \u00e0 prix concurrentiels, MTS est class\u00e9 comme l\u2019une des soci\u00e9t\u00e9s de services linguistiques avec la plus forte croissance dans le monde entier.Nous avons plus de 50 traducteurs internes qui ont \u00e9t\u00e9 test\u00e9s et \u00e9valu\u00e9s par des normes industrielles rigoureuses et sont au plus haut niveau de comp\u00e9tence \u00e0 la fois en anglais et en chinois.<\/p>\n<p>Notre vaste gamme de services de traduction comprend\u00a0: la localisation, la traduction de documents, le travail voix hors-champ, et la publication assist\u00e9e par ordinateur (PAO) pour remplir toutes sortes de projets complexes pour diverses industries. En fait, la traduction d\u2019un sujet sp\u00e9cifique est diverse. Nos ressources linguistiques sont surtout professionnelles dans les domaines suivants\u00a0:<\/p>\n<p><strong>La traduction de documents\u00a0:<\/strong><\/p>\n<p>Manuel de produits<\/p>\n<p>Guides d\u2019instructions sur la s\u00e9curit\u00e9<\/p>\n<p>Fichiers d\u2019Aide<\/p>\n<p>Interface utilisateur<\/p>\n<p>Descriptions APP<\/p>\n<p>Mise en page de la conception du produit<\/p>\n<p>Catalogue et affiche de l\u2019entreprise<\/p>\n<p>Rapports d\u2019essai de produits<\/p>\n<p>Normes techniques<\/p>\n<p>Documents de formation, didacticiels multim\u00e9dias<\/p>\n<p>Divers accords<\/p>\n<p>&nbsp;<\/p>\n<p><strong>Localisation de logiciels\u00a0:<\/strong><\/p>\n<p>Syst\u00e8me d\u2019exploitation<\/p>\n<p>Application<\/p>\n<p>Applications mobiles<\/p>\n<p>ERP\/CRM<\/p>\n<p>Int\u00e9gr\u00e9<\/p>\n<p>&nbsp;<\/p>\n<p><strong>Localisation de site Web\u00a0:<\/strong><\/p>\n<p>Contenu Web<\/p>\n<p>Module compl\u00e9mentaire<\/p>\n<p>Produits \u00e0 mi-terme<\/p>\n<p>Aide en ligne<\/p>\n<p>&nbsp;<\/p>\n<p>&nbsp;<\/p>\n<p>&nbsp;<\/p>\n<p>&nbsp;<\/p>\n<p>[\/et_pb_text][\/et_pb_column][et_pb_column type=\u00a0\u00bb1_3&Prime;][et_pb_sidebar admin_label=\u00a0\u00bbSidebar\u00a0\u00bb orientation=\u00a0\u00bbleft\u00a0\u00bb area=\u00a0\u00bbsidebar-1&Prime; background_layout=\u00a0\u00bblight\u00a0\u00bb \/][\/et_pb_column][\/et_pb_row][\/et_pb_section][et_pb_section fullwidth=\u00a0\u00bboff\u00a0\u00bb specialty=\u00a0\u00bboff\u00a0\u00bb background_image=\u00a0\u00bbhttp:\/\/www.mts-tech.com\/wp-content\/uploads\/2014\/12\/abstract_background_4.jpg\u00a0\u00bb transparent_background=\u00a0\u00bboff\u00a0\u00bb background_color=\u00a0\u00bb#ffffff\u00a0\u00bb inner_shadow=\u00a0\u00bboff\u00a0\u00bb parallax=\u00a0\u00bboff\u00a0\u00bb parallax_method=\u00a0\u00bboff\u00a0\u00bb][et_pb_row][et_pb_column type=\u00a0\u00bb4_4&Prime;][et_pb_cta admin_label=\u00a0\u00bbCall To Action\u00a0\u00bb title=\u00a0\u00bbANY QUESTIONS?\u00a0\u00bb button_url=\u00a0\u00bbhttp:\/\/www.mts-tech.com\/contact-us\/\u00a0\u00bb button_text=\u00a0\u00bbDEVIS GRATUIT\u00a0\u00bb use_background_color=\u00a0\u00bboff\u00a0\u00bb background_color=\u00a0\u00bb#1b33a0&Prime; background_layout=\u00a0\u00bbdark\u00a0\u00bb text_orientation=\u00a0\u00bbcenter\u00a0\u00bb]<\/p>\n<h3>N\u2019h\u00e9sitez pas \u00e0 communiquer avec nous au 1-800-986-6870 pour une consultation gratuite.<\/h3>\n<p>Pour les grands projets, nous pouvons m\u00eame faire un test de traduction de 300 mots, sans frais pour vous.<\/p>\n<p>[\/et_pb_cta][\/et_pb_column][\/et_pb_row][\/et_pb_section][et_pb_section fullwidth=\u00a0\u00bboff\u00a0\u00bb specialty=\u00a0\u00bboff\u00a0\u00bb][et_pb_row][et_pb_column type=\u00a0\u00bb4_4&Prime;][et_pb_text admin_label=\u00a0\u00bbText\u00a0\u00bb background_layout=\u00a0\u00bblight\u00a0\u00bb text_orientation=\u00a0\u00bbleft\u00a0\u00bb]<\/p>\n<h2><span style=\"color: #e80000;\">Qualification<\/span><\/h2>\n<p><a href=\"http:\/\/www.mts.cn\/zh-cn\/standard\/340-iso9001.html\"><img decoding=\"async\" class=\"alignnone wp-image-223 size-full\" src=\"http:\/\/www.mts-tech.com\/wp-content\/uploads\/2015\/01\/iso.jpg\" alt=\"iso\" width=\"150\" height=\"75\" \/><\/a>\u00a0 \u00a0<a href=\"http:\/\/www.mts.cn\/zh-cn\/industry-association\/150-tac.html\"><img decoding=\"async\" class=\"alignnone wp-image-222 size-full\" src=\"http:\/\/www.mts-tech.com\/wp-content\/uploads\/2015\/01\/tac.jpg\" alt=\"tac\" width=\"150\" height=\"75\" \/><\/a>\u00a0 \u00a0<a href=\"http:\/\/www.mts.cn\/zh-cn\/industry-association\/190-ata.html\"><img decoding=\"async\" class=\"alignnone wp-image-224 size-full\" src=\"http:\/\/www.mts-tech.com\/wp-content\/uploads\/2015\/01\/ata.jpg\" alt=\"ata\" width=\"150\" height=\"75\" \/><\/a>\u00a0 \u00a0<a href=\"http:\/\/www.mts.cn\/zh-cn\/industry-association\/338-alc.html\"><img loading=\"lazy\" loading=\"lazy\" decoding=\"async\" class=\"alignnone wp-image-220 size-full\" src=\"http:\/\/www.mts-tech.com\/wp-content\/uploads\/2015\/01\/alc.jpg\" alt=\"alc\" width=\"150\" height=\"75\" \/><\/a>\u00a0 \u00a0<a href=\"http:\/\/www.mts.cn\/zh-cn\/industry-association\/321-gala.html\"><img loading=\"lazy\" loading=\"lazy\" decoding=\"async\" class=\"alignnone wp-image-225 size-full\" src=\"http:\/\/www.mts-tech.com\/wp-content\/uploads\/2015\/01\/gala.jpg\" alt=\"gala\" width=\"150\" height=\"75\" \/><\/a>\u00a0 \u00a0<a href=\"http:\/\/www.mts.cn\/zh-cn\/industry-association\/339-xmta.html\"><img loading=\"lazy\" loading=\"lazy\" decoding=\"async\" class=\"alignnone wp-image-221 size-full\" src=\"http:\/\/www.mts-tech.com\/wp-content\/uploads\/2015\/01\/XMTA.jpg\" alt=\"xmta\" width=\"150\" height=\"75\" \/><\/a><\/p>\n<p>[\/et_pb_text][\/et_pb_column][\/et_pb_row][\/et_pb_section][et_pb_section transparent_background=\u00a0\u00bboff\u00a0\u00bb background_color=\u00a0\u00bb#000000&Prime; inner_shadow=\u00a0\u00bboff\u00a0\u00bb parallax=\u00a0\u00bboff\u00a0\u00bb parallax_method=\u00a0\u00bboff\u00a0\u00bb][et_pb_row][et_pb_column type=\u00a0\u00bb1_4&Prime;][et_pb_sidebar admin_label=\u00a0\u00bbSidebar\u00a0\u00bb orientation=\u00a0\u00bbleft\u00a0\u00bb area=\u00a0\u00bbet_pb_widget_area_5&Prime; background_layout=\u00a0\u00bbdark\u00a0\u00bb \/][\/et_pb_column][et_pb_column type=\u00a0\u00bb1_4&Prime;][et_pb_sidebar admin_label=\u00a0\u00bbSidebar\u00a0\u00bb orientation=\u00a0\u00bbleft\u00a0\u00bb area=\u00a0\u00bbet_pb_widget_area_6&Prime; background_layout=\u00a0\u00bbdark\u00a0\u00bb \/][\/et_pb_column][et_pb_column type=\u00a0\u00bb1_4&Prime;][et_pb_sidebar admin_label=\u00a0\u00bbSidebar\u00a0\u00bb orientation=\u00a0\u00bbleft\u00a0\u00bb area=\u00a0\u00bbet_pb_widget_area_7&Prime; background_layout=\u00a0\u00bbdark\u00a0\u00bb \/][\/et_pb_column][et_pb_column type=\u00a0\u00bb1_4&Prime;][et_pb_sidebar admin_label=\u00a0\u00bbSidebar\u00a0\u00bb orientation=\u00a0\u00bbleft\u00a0\u00bb area=\u00a0\u00bbet_pb_widget_area_8&Prime; background_layout=\u00a0\u00bbdark\u00a0\u00bb \/][\/et_pb_column][\/et_pb_row][\/et_pb_section]<\/p>\n","protected":false},"excerpt":{"rendered":"<p><div class=\"et_pb_row et_pb_row_0 et_pb_row_empty\">\n\t\t\t\t\n\t\t\t\t\n\t\t\t\t\n\t\t\t\t\n\t\t\t\t\n\t\t\t<\/div> Plus de 6\u2009500 langues parl\u00e9es dans le monde, et les gens du monde entier pr\u00e9f\u00e8rent utiliser leur langue maternelle. Fournissant des services linguistiques pour les clients peuvent \u00e9tablir la confiance et la fid\u00e9lit\u00e9 de marque.Cela a permis une croissance rapide au cours des deux derni\u00e8res d\u00e9cennies gr\u00e2ce \u00e0 l\u2019exp\u00e9rience de l\u2019industrie avec des services [&hellip;]<\/p>\n","protected":false},"author":1,"featured_media":0,"parent":1054,"menu_order":1,"comment_status":"open","ping_status":"closed","template":"","meta":{"_et_pb_use_builder":"on","_et_pb_old_content":"","_et_gb_content_width":"","footnotes":""},"class_list":["post-1059","page","type-page","status-publish","hentry"],"aioseo_notices":[],"_links":{"self":[{"href":"https:\/\/www.mts-tech.com\/fr\/wp-json\/wp\/v2\/pages\/1059","targetHints":{"allow":["GET"]}}],"collection":[{"href":"https:\/\/www.mts-tech.com\/fr\/wp-json\/wp\/v2\/pages"}],"about":[{"href":"https:\/\/www.mts-tech.com\/fr\/wp-json\/wp\/v2\/types\/page"}],"author":[{"embeddable":true,"href":"https:\/\/www.mts-tech.com\/fr\/wp-json\/wp\/v2\/users\/1"}],"replies":[{"embeddable":true,"href":"https:\/\/www.mts-tech.com\/fr\/wp-json\/wp\/v2\/comments?post=1059"}],"version-history":[{"count":5,"href":"https:\/\/www.mts-tech.com\/fr\/wp-json\/wp\/v2\/pages\/1059\/revisions"}],"predecessor-version":[{"id":3218,"href":"https:\/\/www.mts-tech.com\/fr\/wp-json\/wp\/v2\/pages\/1059\/revisions\/3218"}],"up":[{"embeddable":true,"href":"https:\/\/www.mts-tech.com\/fr\/wp-json\/wp\/v2\/pages\/1054"}],"wp:attachment":[{"href":"https:\/\/www.mts-tech.com\/fr\/wp-json\/wp\/v2\/media?parent=1059"}],"curies":[{"name":"wp","href":"https:\/\/api.w.org\/{rel}","templated":true}]}}