{"id":1069,"date":"2015-01-02T15:35:42","date_gmt":"2015-01-02T15:35:42","guid":{"rendered":"http:\/\/www.mts-tech.com\/languages-2\/"},"modified":"2020-08-19T06:42:16","modified_gmt":"2020-08-19T06:42:16","slug":"languages","status":"publish","type":"page","link":"https:\/\/www.mts-tech.com\/fr\/services\/languages\/","title":{"rendered":"Langues"},"content":{"rendered":"<p>[et_pb_section fullwidth=\u00a0\u00bbon\u00a0\u00bb specialty=\u00a0\u00bboff\u00a0\u00bb background_color=\u00a0\u00bb#2ea3f2&Prime; inner_shadow=\u00a0\u00bboff\u00a0\u00bb parallax=\u00a0\u00bboff\u00a0\u00bb background_image=\u00a0\u00bbhttp:\/\/www.mts-tech.com\/wp-content\/uploads\/2014\/12\/Earth-3D-Air-Traces-Sunrise-Central-America-5000.jpg\u00a0\u00bb transparent_background=\u00a0\u00bboff\u00a0\u00bb parallax_method=\u00a0\u00bboff\u00a0\u00bb][et_pb_fullwidth_header admin_label=\u00a0\u00bbFullwidth Header\u00a0\u00bb title=\u00a0\u00bbLangues\u00a0\u00bb background_layout=\u00a0\u00bbdark\u00a0\u00bb text_orientation=\u00a0\u00bbleft\u00a0\u00bb subhead=\u00a0\u00bbVotre partenaire d&rsquo;externalisation fiable pour les langues asiatiques\u00a0\u00bb \/][\/et_pb_section][et_pb_section fullwidth=\u00a0\u00bboff\u00a0\u00bb specialty=\u00a0\u00bboff\u00a0\u00bb][et_pb_row][et_pb_column type=\u00a0\u00bb2_3&Prime;][et_pb_text admin_label=\u00a0\u00bbText\u00a0\u00bb background_layout=\u00a0\u00bblight\u00a0\u00bb text_orientation=\u00a0\u00bbleft\u00a0\u00bb]<\/p>\n<p>Contrairement \u00e0 la plupart des agences de traduction qui pr\u00e9tendent qu\u2019ils peuvent traduire des centaines de langues, MTS investit ses ressources uniquement dans les principales langues asiatiques. Nous sommes meilleurs dans les combinaisons linguistiques suivantes\u00a0:<\/p>\n<p>Anglais &lt;&gt; Chinois simplifi\u00e9 (Chine continentale)<br \/>\nAnglais &lt;&gt; Chinois traditionnel (Taiwan)<br \/>\nAnglais &lt;&gt; Chinois traditionnel (Hong Kong)<br \/>\nAnglais &lt;&gt; Chinois traditionnel (\u00c9.U.)<br \/>\nAnglais &lt;&gt; Chinois simplifi\u00e9 (Singapour)<br \/>\nFran\u00e7ais &gt;\u00a0Chinois simplifi\u00e9<br \/>\nAllemand &gt;\u00a0Chinois simplifi\u00e9<br \/>\nEspagnol &gt;\u00a0Chinois simplifi\u00e9<br \/>\nAnglais &lt;&gt; Japonais<br \/>\nAnglais &lt;&gt; Cor\u00e9en<br \/>\nChinois &lt;&gt; Cor\u00e9en<br \/>\nChinois &lt;&gt; Japonais<br \/>\nAnglais &lt;&gt; Mandarin (Interpr\u00e9tation)<\/p>\n<p>Nous garantissons que tous nos linguistes sont natifs de la langue cible et des experts reconnus dans leurs domaines. Nous attribuons trois linguistes professionnels\u00a0: un traducteur, un \u00e9diteur, et un correcteur pour cr\u00e9er chaque traduction, et toutes les \u0153uvres de ce processus TEP (traduction, \u00e9dition et correction) peuvent \u00eatre des livrables.<\/p>\n<p>&nbsp;<\/p>\n<p>[\/et_pb_text][\/et_pb_column][et_pb_column type=\u00a0\u00bb1_3&Prime;][et_pb_sidebar admin_label=\u00a0\u00bbSidebar\u00a0\u00bb orientation=\u00a0\u00bbright\u00a0\u00bb area=\u00a0\u00bbsidebar-1&Prime; background_layout=\u00a0\u00bblight\u00a0\u00bb \/][\/et_pb_column][\/et_pb_row][\/et_pb_section][et_pb_section fullwidth=\u00a0\u00bboff\u00a0\u00bb specialty=\u00a0\u00bboff\u00a0\u00bb transparent_background=\u00a0\u00bboff\u00a0\u00bb background_color=\u00a0\u00bb#f9f9f9&Prime; inner_shadow=\u00a0\u00bboff\u00a0\u00bb parallax=\u00a0\u00bboff\u00a0\u00bb parallax_method=\u00a0\u00bboff\u00a0\u00bb][et_pb_row][et_pb_column type=\u00a0\u00bb4_4&Prime;][et_pb_text admin_label=\u00a0\u00bbText\u00a0\u00bb background_layout=\u00a0\u00bblight\u00a0\u00bb text_orientation=\u00a0\u00bbcenter\u00a0\u00bb]<\/p>\n<h2><a href=\"http:\/\/www.mts.cn\/zh-cn\/standard\/340-iso9001.html\"><img decoding=\"async\" class=\"alignnone wp-image-223 size-full\" src=\"http:\/\/www.mts-tech.com\/wp-content\/uploads\/2015\/01\/iso.jpg\" alt=\"iso\" width=\"150\" height=\"75\" \/><\/a>\u00a0 \u00a0<a href=\"http:\/\/www.mts.cn\/zh-cn\/industry-association\/150-tac.html\"><img decoding=\"async\" class=\"alignnone wp-image-222 size-full\" src=\"http:\/\/www.mts-tech.com\/wp-content\/uploads\/2015\/01\/tac.jpg\" alt=\"tac\" width=\"150\" height=\"75\" \/><\/a>\u00a0 \u00a0<a href=\"http:\/\/www.mts.cn\/zh-cn\/industry-association\/190-ata.html\"><img decoding=\"async\" class=\"alignnone wp-image-224 size-full\" src=\"http:\/\/www.mts-tech.com\/wp-content\/uploads\/2015\/01\/ata.jpg\" alt=\"ata\" width=\"150\" height=\"75\" \/><\/a>\u00a0 \u00a0<a href=\"http:\/\/www.mts.cn\/zh-cn\/industry-association\/338-alc.html\"><img loading=\"lazy\" loading=\"lazy\" decoding=\"async\" class=\"alignnone wp-image-220 size-full\" src=\"http:\/\/www.mts-tech.com\/wp-content\/uploads\/2015\/01\/alc.jpg\" alt=\"alc\" width=\"150\" height=\"75\" \/><\/a>\u00a0 \u00a0<a href=\"http:\/\/www.mts.cn\/zh-cn\/industry-association\/321-gala.html\"><img loading=\"lazy\" loading=\"lazy\" decoding=\"async\" class=\"alignnone wp-image-225 size-full\" src=\"http:\/\/www.mts-tech.com\/wp-content\/uploads\/2015\/01\/gala.jpg\" alt=\"gala\" width=\"150\" height=\"75\" \/><\/a>\u00a0 \u00a0<a href=\"http:\/\/www.mts.cn\/zh-cn\/industry-association\/339-xmta.html\"><img loading=\"lazy\" loading=\"lazy\" decoding=\"async\" class=\"alignnone wp-image-221 size-full\" src=\"http:\/\/www.mts-tech.com\/wp-content\/uploads\/2015\/01\/XMTA.jpg\" alt=\"xmta\" width=\"150\" height=\"75\" \/><\/a><\/h2>\n<p>[\/et_pb_text][\/et_pb_column][\/et_pb_row][\/et_pb_section][et_pb_section fullwidth=\u00a0\u00bboff\u00a0\u00bb specialty=\u00a0\u00bboff\u00a0\u00bb transparent_background=\u00a0\u00bboff\u00a0\u00bb background_color=\u00a0\u00bb#000000&Prime; inner_shadow=\u00a0\u00bboff\u00a0\u00bb parallax=\u00a0\u00bboff\u00a0\u00bb parallax_method=\u00a0\u00bboff\u00a0\u00bb][et_pb_row][et_pb_column type=\u00a0\u00bb4_4&Prime;][et_pb_text admin_label=\u00a0\u00bbText\u00a0\u00bb background_layout=\u00a0\u00bbdark\u00a0\u00bb text_orientation=\u00a0\u00bbcenter\u00a0\u00bb]<\/p>\n<p>Locale:\u00a015 L\/M Huangda Building, No.28 Houdaixi Road, Xiamen 361004, P. R. China.<br \/>\nTel: +86-592-5185157 5185159 \u00a0\u00a0Fax: +86-592-5185755<br \/>\n\u00a9 2000-2020 Master Translations. All Rights Reserved.<\/p>\n<p>[\/et_pb_text][\/et_pb_column][\/et_pb_row][\/et_pb_section]<\/p>\n","protected":false},"excerpt":{"rendered":"<p><div class=\"et_pb_row et_pb_row_0 et_pb_row_empty\">\n\t\t\t\t\n\t\t\t\t\n\t\t\t\t\n\t\t\t\t\n\t\t\t\t\n\t\t\t<\/div> Contrairement \u00e0 la plupart des agences de traduction qui pr\u00e9tendent qu\u2019ils peuvent traduire des centaines de langues, MTS investit ses ressources uniquement dans les principales langues asiatiques. Nous sommes meilleurs dans les combinaisons linguistiques suivantes\u00a0: Anglais &lt;&gt; Chinois simplifi\u00e9 (Chine continentale) Anglais &lt;&gt; Chinois traditionnel (Taiwan) Anglais &lt;&gt; Chinois traditionnel (Hong Kong) Anglais &lt;&gt; [&hellip;]<\/p>\n","protected":false},"author":1,"featured_media":0,"parent":1054,"menu_order":2,"comment_status":"open","ping_status":"closed","template":"","meta":{"_et_pb_use_builder":"on","_et_pb_old_content":"","_et_gb_content_width":"","footnotes":""},"class_list":["post-1069","page","type-page","status-publish","hentry"],"aioseo_notices":[],"_links":{"self":[{"href":"https:\/\/www.mts-tech.com\/fr\/wp-json\/wp\/v2\/pages\/1069","targetHints":{"allow":["GET"]}}],"collection":[{"href":"https:\/\/www.mts-tech.com\/fr\/wp-json\/wp\/v2\/pages"}],"about":[{"href":"https:\/\/www.mts-tech.com\/fr\/wp-json\/wp\/v2\/types\/page"}],"author":[{"embeddable":true,"href":"https:\/\/www.mts-tech.com\/fr\/wp-json\/wp\/v2\/users\/1"}],"replies":[{"embeddable":true,"href":"https:\/\/www.mts-tech.com\/fr\/wp-json\/wp\/v2\/comments?post=1069"}],"version-history":[{"count":6,"href":"https:\/\/www.mts-tech.com\/fr\/wp-json\/wp\/v2\/pages\/1069\/revisions"}],"predecessor-version":[{"id":6046,"href":"https:\/\/www.mts-tech.com\/fr\/wp-json\/wp\/v2\/pages\/1069\/revisions\/6046"}],"up":[{"embeddable":true,"href":"https:\/\/www.mts-tech.com\/fr\/wp-json\/wp\/v2\/pages\/1054"}],"wp:attachment":[{"href":"https:\/\/www.mts-tech.com\/fr\/wp-json\/wp\/v2\/media?parent=1069"}],"curies":[{"name":"wp","href":"https:\/\/api.w.org\/{rel}","templated":true}]}}