{"id":886,"date":"2014-12-30T14:19:14","date_gmt":"2014-12-30T14:19:14","guid":{"rendered":"http:\/\/www.mts-tech.com\/home-2\/"},"modified":"2020-08-19T06:30:27","modified_gmt":"2020-08-19T06:30:27","slug":"home","status":"publish","type":"page","link":"https:\/\/www.mts-tech.com\/fr\/","title":{"rendered":"Home"},"content":{"rendered":"<p>[et_pb_section fullwidth=\u00a0\u00bbon\u00a0\u00bb specialty=\u00a0\u00bboff\u00a0\u00bb][et_pb_fullwidth_slider admin_label=\u00a0\u00bbFullwidth Slider\u00a0\u00bb show_arrows=\u00a0\u00bbon\u00a0\u00bb show_pagination=\u00a0\u00bbon\u00a0\u00bb auto=\u00a0\u00bbon\u00a0\u00bb parallax=\u00a0\u00bboff\u00a0\u00bb parallax_method=\u00a0\u00bboff\u00a0\u00bb module_id=\u00a0\u00bbmainslider\u00a0\u00bb auto_speed=\u00a0\u00bb5000&Prime;][et_pb_slide background_image=\u00a0\u00bbhttp:\/\/www.mts-tech.com\/wp-content\/uploads\/2014\/12\/photodune-2263400-the-golden-gate-bridge-in-san-francisco-with-beautiful-blue-ocea-m.jpg\u00a0\u00bb background_color=\u00a0\u00bb#ffffff\u00a0\u00bb alignment=\u00a0\u00bbcenter\u00a0\u00bb background_layout=\u00a0\u00bbdark\u00a0\u00bb heading=\u00a0\u00bb<strong>Nous comblons les barri\u00e8res culturelles et linguistiques avec l&rsquo;oc\u00e9an pacifique<\/strong>\u00a0\u00bb \/][et_pb_slide background_image=\u00a0\u00bbhttp:\/\/www.mts-tech.com\/wp-content\/uploads\/2014\/12\/photodune-218003-corporate-business-people-m.jpg\u00a0\u00bb background_color=\u00a0\u00bb#ffffff\u00a0\u00bb alignment=\u00a0\u00bbcenter\u00a0\u00bb background_layout=\u00a0\u00bbdark\u00a0\u00bb heading=\u00a0\u00bb<strong>Services professionnels, rapides, fiables et confidentiels<\/strong>\u00a0\u00bb \/][et_pb_slide background_image=\u00a0\u00bbhttp:\/\/www.mts-tech.com\/wp-content\/uploads\/2014\/12\/Partner.jpg\u00a0\u00bb background_color=\u00a0\u00bb#ffffff\u00a0\u00bb alignment=\u00a0\u00bbcenter\u00a0\u00bb background_layout=\u00a0\u00bbdark\u00a0\u00bb heading=\u00a0\u00bb<strong>Votre partenaire d&rsquo;externalisation fiable pour les langues asiatiques<\/strong>\u00a0\u00bb \/][et_pb_slide background_image=\u00a0\u00bbhttp:\/\/www.mts-tech.com\/wp-content\/uploads\/2014\/12\/Excellence.jpg\u00a0\u00bb background_color=\u00a0\u00bb#ffffff\u00a0\u00bb alignment=\u00a0\u00bbcenter\u00a0\u00bb background_layout=\u00a0\u00bbdark\u00a0\u00bb heading=\u00a0\u00bb<strong>20 ann\u00e9es d&rsquo;excellence dans les services linguistiques<\/strong>\u00a0\u00bb \/][\/et_pb_fullwidth_slider][\/et_pb_section][et_pb_section fullwidth=\u00a0\u00bboff\u00a0\u00bb specialty=\u00a0\u00bboff\u00a0\u00bb][et_pb_row][et_pb_column type=\u00a0\u00bb2_3&Prime;][et_pb_text admin_label=\u00a0\u00bbText\u00a0\u00bb background_layout=\u00a0\u00bblight\u00a0\u00bb text_orientation=\u00a0\u00bbleft\u00a0\u00bb]<\/p>\n<div class=\"header-content clearfix\">\n<h3 style=\"text-align: justify;\">Qui sommes-nous<\/h3>\n<\/div>\n<p style=\"text-align: justify;\">Master Translations (MTS) est un prestataire de services sp\u00e9cialis\u00e9 dans la traduction technique, l&rsquo;interpr\u00e9tation, la localisation de logiciels et de sites Web, la PAO (Publication Assist\u00e9e par Ordinateur) multilingue et la localisation multim\u00e9dia. Nous fournissons des services et des solutions de traduction en chinois et dans les autres principales langues asiatiques, \u00e0 des prix abordables et de haute qualit\u00e9.<\/p>\n<p style=\"text-align: justify;\">Pendant plus d&rsquo;une d\u00e9cennie, MTS s&rsquo;est engag\u00e9e \u00e0 respecter les normes les plus \u00e9lev\u00e9es de qualit\u00e9 et de service \u00e0 la client\u00e8le dans le secteur de la traduction, et s&rsquo;est transform\u00e9e d&rsquo;une petite compagnie de traduction de documents appartenant aux employ\u00e9s en un important prestataire de services sp\u00e9cialis\u00e9 dans la traduction et la localisation en Asie. Avec un personnel interne compos\u00e9 d&rsquo;environ 100 linguistes et gestionnaires de projets \u00e0 temps plein, nous r\u00e9alisons un volume de traduction de plus de 50 millions de mots par an et de nombreux projets de grande envergure pour les entreprises Fortune 500 et les principaux prestataires de services de traduction et de localisation dans le monde.<\/p>\n<p style=\"text-align: justify;\">Bas\u00e9e \u00e0 Xiamen, en Chine, MTS dispose de cinq succursales et centres de production en Chine continentale, Taiwan et la Silicon Valley aux \u00c9tats-Unis. Avec nos \u00e9quipes de gestion de projets et de services travaillant aux horaires des \u00c9tats-Unis et de l&rsquo;Europe, nous assurons des services continus 24 heures sur 24 heures, 7 jours sur 7 pour des clients du monde entier.<\/p>\n<p style=\"text-align: justify;\"><strong>Avantages pour ceux qui travaillent avec MTS :<\/strong><\/p>\n<ul>\n<li style=\"text-align: justify;\">Vos projets seront affect\u00e9s \u00e0 des linguistes techniquement comp\u00e9tents dans votre secteur d&rsquo;activit\u00e9.<\/li>\n<li style=\"text-align: justify;\">Vos projets seront strictement trait\u00e9s selon la norme ISO9001: processus de traduction, \u00e9dition et relecture (TEP) certifi\u00e9 2015.<\/li>\n<li style=\"text-align: justify;\">Vous avez notre garantie de non-divulgation de donn\u00e9es \u00e0 caract\u00e8re personnel \u00e0 des tiers et une confidentialit\u00e9 totale.<\/li>\n<li style=\"text-align: justify;\">Un gestionnaire de compte exp\u00e9riment\u00e9 et accueillant vous sera toujours disponible.<\/li>\n<li style=\"text-align: justify;\">Vous b\u00e9n\u00e9ficiez d&rsquo;un centre multiservice facilement accessible gr\u00e2ce \u00e0 notre int\u00e9gration de la traduction professionnelle avec des solutions techniques.<\/li>\n<li style=\"text-align: justify;\">Vous travaillerez avec un prestataire de services linguistiques leader, fournissant une assistance 24 heures sur 24 heures, 7 jours sur 7 par des \u00e9quipes bas\u00e9es en Californie (\u00c9tats-Unis) et en Chine.<\/li>\n<li style=\"text-align: justify;\">Vous serez toujours 100% satisfait.<\/li>\n<\/ul>\n<p>[\/et_pb_text][\/et_pb_column][et_pb_column type=\u00a0\u00bb1_3&Prime;][et_pb_sidebar admin_label=\u00a0\u00bbSidebar\u00a0\u00bb orientation=\u00a0\u00bbright\u00a0\u00bb area=\u00a0\u00bbsidebar-1&Prime; background_layout=\u00a0\u00bblight\u00a0\u00bb \/][\/et_pb_column][\/et_pb_row][\/et_pb_section][et_pb_section fullwidth=\u00a0\u00bboff\u00a0\u00bb specialty=\u00a0\u00bboff\u00a0\u00bb transparent_background=\u00a0\u00bboff\u00a0\u00bb background_color=\u00a0\u00bb#f9f9f9&Prime; inner_shadow=\u00a0\u00bboff\u00a0\u00bb parallax=\u00a0\u00bboff\u00a0\u00bb parallax_method=\u00a0\u00bboff\u00a0\u00bb][et_pb_row][et_pb_column type=\u00a0\u00bb4_4&Prime;][et_pb_text admin_label=\u00a0\u00bbText\u00a0\u00bb background_layout=\u00a0\u00bblight\u00a0\u00bb text_orientation=\u00a0\u00bbcenter\u00a0\u00bb]<\/p>\n<h2><a href=\"http:\/\/www.mts.cn\/zh-cn\/standard\/340-iso9001.html\"><img decoding=\"async\" class=\"alignnone wp-image-223 size-full\" src=\"http:\/\/www.mts-tech.com\/wp-content\/uploads\/2015\/01\/iso.jpg\" alt=\"iso\" width=\"150\" height=\"75\" \/><\/a>\u00a0 \u00a0<a href=\"http:\/\/www.mts.cn\/zh-cn\/industry-association\/150-tac.html\"><img decoding=\"async\" class=\"alignnone wp-image-222 size-full\" src=\"http:\/\/www.mts-tech.com\/wp-content\/uploads\/2015\/01\/tac.jpg\" alt=\"tac\" width=\"150\" height=\"75\" \/><\/a>\u00a0 \u00a0<a href=\"http:\/\/www.mts.cn\/zh-cn\/industry-association\/190-ata.html\"><img decoding=\"async\" class=\"alignnone wp-image-224 size-full\" src=\"http:\/\/www.mts-tech.com\/wp-content\/uploads\/2015\/01\/ata.jpg\" alt=\"ata\" width=\"150\" height=\"75\" \/><\/a>\u00a0 \u00a0<a href=\"http:\/\/www.mts.cn\/zh-cn\/industry-association\/338-alc.html\"><img loading=\"lazy\" loading=\"lazy\" decoding=\"async\" class=\"alignnone wp-image-220 size-full\" src=\"http:\/\/www.mts-tech.com\/wp-content\/uploads\/2015\/01\/alc.jpg\" alt=\"alc\" width=\"150\" height=\"75\" \/><\/a>\u00a0 \u00a0<a href=\"http:\/\/www.mts.cn\/zh-cn\/industry-association\/321-gala.html\"><img loading=\"lazy\" loading=\"lazy\" decoding=\"async\" class=\"alignnone wp-image-225 size-full\" src=\"http:\/\/www.mts-tech.com\/wp-content\/uploads\/2015\/01\/gala.jpg\" alt=\"gala\" width=\"150\" height=\"75\" \/><\/a>\u00a0 \u00a0<a href=\"http:\/\/www.mts.cn\/zh-cn\/industry-association\/339-xmta.html\"><img loading=\"lazy\" loading=\"lazy\" decoding=\"async\" class=\"alignnone wp-image-221 size-full\" src=\"http:\/\/www.mts-tech.com\/wp-content\/uploads\/2015\/01\/XMTA.jpg\" alt=\"xmta\" width=\"150\" height=\"75\" \/><\/a><\/h2>\n<p>[\/et_pb_text][\/et_pb_column][\/et_pb_row][\/et_pb_section][et_pb_section fullwidth=\u00a0\u00bboff\u00a0\u00bb specialty=\u00a0\u00bboff\u00a0\u00bb transparent_background=\u00a0\u00bboff\u00a0\u00bb background_color=\u00a0\u00bb#000000&Prime; inner_shadow=\u00a0\u00bboff\u00a0\u00bb parallax=\u00a0\u00bboff\u00a0\u00bb parallax_method=\u00a0\u00bboff\u00a0\u00bb][et_pb_row][et_pb_column type=\u00a0\u00bb4_4&Prime;][et_pb_text admin_label=\u00a0\u00bbText\u00a0\u00bb background_layout=\u00a0\u00bbdark\u00a0\u00bb text_orientation=\u00a0\u00bbcenter\u00a0\u00bb]<\/p>\n<p>Locale:\u00a015L\/M Huangda Building, No.28 Houdaixi Road, Xiamen 361004, P. R. China.<br \/>\nTel: +86-592-5185157 5185159 \u00a0\u00a0Fax: +86-592-5185755<br \/>\n\u00a9 2000-2020 Master Translations.\u00a0 All Rights Reserved.<\/p>\n<p>&nbsp;<\/p>\n<p>[\/et_pb_text][\/et_pb_column][\/et_pb_row][\/et_pb_section]<\/p>\n","protected":false},"excerpt":{"rendered":"<p><div class=\"et_pb_row et_pb_row_0 et_pb_row_empty\">\n\t\t\t\t\n\t\t\t\t\n\t\t\t\t\n\t\t\t\t\n\t\t\t\t\n\t\t\t<\/div> Qui sommes-nous Master Translations (MTS) est un prestataire de services sp\u00e9cialis\u00e9 dans la traduction technique, l&rsquo;interpr\u00e9tation, la localisation de logiciels et de sites Web, la PAO (Publication Assist\u00e9e par Ordinateur) multilingue et la localisation multim\u00e9dia. Nous fournissons des services et des solutions de traduction en chinois et dans les autres principales langues asiatiques, \u00e0 [&hellip;]<\/p>\n","protected":false},"author":1,"featured_media":0,"parent":0,"menu_order":1,"comment_status":"open","ping_status":"closed","template":"","meta":{"_et_pb_use_builder":"on","_et_pb_old_content":"","_et_gb_content_width":"","footnotes":""},"class_list":["post-886","page","type-page","status-publish","hentry"],"aioseo_notices":[],"_links":{"self":[{"href":"https:\/\/www.mts-tech.com\/fr\/wp-json\/wp\/v2\/pages\/886","targetHints":{"allow":["GET"]}}],"collection":[{"href":"https:\/\/www.mts-tech.com\/fr\/wp-json\/wp\/v2\/pages"}],"about":[{"href":"https:\/\/www.mts-tech.com\/fr\/wp-json\/wp\/v2\/types\/page"}],"author":[{"embeddable":true,"href":"https:\/\/www.mts-tech.com\/fr\/wp-json\/wp\/v2\/users\/1"}],"replies":[{"embeddable":true,"href":"https:\/\/www.mts-tech.com\/fr\/wp-json\/wp\/v2\/comments?post=886"}],"version-history":[{"count":6,"href":"https:\/\/www.mts-tech.com\/fr\/wp-json\/wp\/v2\/pages\/886\/revisions"}],"predecessor-version":[{"id":6041,"href":"https:\/\/www.mts-tech.com\/fr\/wp-json\/wp\/v2\/pages\/886\/revisions\/6041"}],"wp:attachment":[{"href":"https:\/\/www.mts-tech.com\/fr\/wp-json\/wp\/v2\/media?parent=886"}],"curies":[{"name":"wp","href":"https:\/\/api.w.org\/{rel}","templated":true}]}}