{"id":900,"date":"2014-12-30T14:30:28","date_gmt":"2014-12-30T14:30:28","guid":{"rendered":"http:\/\/www.mts-tech.com\/about-us-2\/"},"modified":"2020-08-19T06:35:06","modified_gmt":"2020-08-19T06:35:06","slug":"about-us","status":"publish","type":"page","link":"https:\/\/www.mts-tech.com\/fr\/about-us\/","title":{"rendered":"Qui sommes-nous"},"content":{"rendered":"<p>[et_pb_section fullwidth=\u00a0\u00bbon\u00a0\u00bb specialty=\u00a0\u00bboff\u00a0\u00bb background_color=\u00a0\u00bb#2ea3f2&Prime; inner_shadow=\u00a0\u00bboff\u00a0\u00bb parallax=\u00a0\u00bboff\u00a0\u00bb background_image=\u00a0\u00bbhttp:\/\/www.mts-tech.com\/wp-content\/uploads\/2014\/12\/Earth-3D-Air-Traces-Sunrise-Central-America-5000.jpg\u00a0\u00bb transparent_background=\u00a0\u00bboff\u00a0\u00bb parallax_method=\u00a0\u00bboff\u00a0\u00bb][et_pb_fullwidth_header admin_label=\u00a0\u00bbFullwidth Header\u00a0\u00bb title=\u00a0\u00bbQui sommes-nous\u00a0\u00bb background_layout=\u00a0\u00bblight\u00a0\u00bb text_orientation=\u00a0\u00bbleft\u00a0\u00bb subhead=\u00a0\u00bbPr\u00e9sentation de MTS\u00a0\u00bb \/][\/et_pb_section][et_pb_section fullwidth=\u00a0\u00bboff\u00a0\u00bb specialty=\u00a0\u00bboff\u00a0\u00bb][et_pb_row][et_pb_column type=\u00a0\u00bb2_3&Prime;][et_pb_text admin_label=\u00a0\u00bbText\u00a0\u00bb background_layout=\u00a0\u00bblight\u00a0\u00bb text_orientation=\u00a0\u00bbleft\u00a0\u00bb]<\/p>\n<p>Master Translations (MTS) \u00a0s\u2019engage \u00e0 fournir les services de premi\u00e8re classe de traduction professionnelle et technique, d&rsquo;interpr\u00e9tation, de localisation de logiciels et de sites Web, de PAO (Publication Assist\u00e9e par Ordinateur) multi-langue et de localisation multim\u00e9dia, etc. Nous offrons des services de traduction et des solutions linguistiques de qualit\u00e9 et rentables en chinois et dans d&rsquo;autres langues asiatiques.<\/p>\n<p>Depuis plus d&rsquo;une d\u00e9cennie, MTS a \u00e9tabli les plus stricts standards de qualit\u00e9 et de service dans le domaine de la traduction. Au d\u00e9put, elle \u00e9tait une entreprise de traduction de documents \u00e0 petite \u00e9chelle. Maintenant elle devient un fournisseur de services sp\u00e9cialis\u00e9 dans la traduction et la localisation en Asie. Il ya pr\u00e8s de 100 traducteurs et gestionnaires de projets \u00e0 temps plein qui ont traduit plus de 50 millions de mots chaque ann\u00e9e et ont r\u00e9alis\u00e9 beaucoup de grands projets pour les soci\u00e9t\u00e9s du classement Fortune 500 et les principaux fournisseurs de services de traduction et de localisation au monde.<\/p>\n<p>MTS est bas\u00e9e \u00e0 Xiamen, en Chine. MTS a mis en place cinq branches et des centres de production en Chine continentale, au Taiwan et en Silicon Valley aux \u00c9tats-Unis. L&rsquo;\u00e9quipe de gestion de projet et de service en Europe et aux \u00c9tats-Unis nous permet de fournir un service 24\/7 aux clients partout dans le monde.<\/p>\n<p>Raison de choisir MTS<\/p>\n<ul>\n<li>Nous assignerons votre projet \u00e0 un traducteur avec une capacit\u00e9 technique correspondante.<\/li>\n<li>Le processus de votre projet sera strictement conforme \u00e0 la norme compl\u00e8te ISO9001: 2015 pour la traduction initiale, la r\u00e9vision et la relecture.<\/li>\n<li>Nous vous promettons absolument confidentiel de votre projet et de votre confidentialit\u00e9.<\/li>\n<li>Nous organiserons pour vous un gestionnaire de projet exp\u00e9riment\u00e9 et amicale. Tous vos questions peuvent \u00eatre r\u00e9pondues opportunement et professionnellement.<\/li>\n<li>Nous int\u00e9grons parfaitement la traduction professionnelle avec les solutions technologiques, vous peuvez profiter de toute sorte de service linguistique en m\u00eame temps.<\/li>\n<li>Vous choisirez un fournisseur de services linguistiques de premi\u00e8re classe et recevrez notre service de support du client 24\/7 des \u00e9quipes en Californie (\u00c9tats-Unis)et en Chine.<\/li>\n<li>Vous serez toujours 100% satisfait.<\/li>\n<\/ul>\n<p>&nbsp;<\/p>\n<p>&nbsp;<\/p>\n<p>[\/et_pb_text][\/et_pb_column][et_pb_column type=\u00a0\u00bb1_3&Prime;][et_pb_sidebar admin_label=\u00a0\u00bbSidebar\u00a0\u00bb orientation=\u00a0\u00bbleft\u00a0\u00bb area=\u00a0\u00bbsidebar-1&Prime; background_layout=\u00a0\u00bblight\u00a0\u00bb \/][\/et_pb_column][\/et_pb_row][\/et_pb_section][et_pb_section fullwidth=\u00a0\u00bboff\u00a0\u00bb specialty=\u00a0\u00bboff\u00a0\u00bb transparent_background=\u00a0\u00bboff\u00a0\u00bb background_color=\u00a0\u00bb#f9f9f9&Prime; inner_shadow=\u00a0\u00bboff\u00a0\u00bb parallax=\u00a0\u00bboff\u00a0\u00bb parallax_method=\u00a0\u00bboff\u00a0\u00bb][et_pb_row][et_pb_column type=\u00a0\u00bb4_4&Prime;][et_pb_text admin_label=\u00a0\u00bbText\u00a0\u00bb background_layout=\u00a0\u00bbdark\u00a0\u00bb text_orientation=\u00a0\u00bbcenter\u00a0\u00bb]<\/p>\n<p>Locale:\u00a015L\/M Huangda Building, No.28 Houdaixi Road, Xiamen 361004, P. R. China.<br \/>\nTel: +86-592-5185157 5185159 \u00a0\u00a0Fax: +86-592-5185755<br \/>\n\u00a9 2000-2018 Master Translations.\u00a0 All Rights Reserved.<\/p>\n<p>[\/et_pb_text][\/et_pb_column][\/et_pb_row][\/et_pb_section][et_pb_section fullwidth=\u00a0\u00bboff\u00a0\u00bb specialty=\u00a0\u00bboff\u00a0\u00bb transparent_background=\u00a0\u00bboff\u00a0\u00bb background_color=\u00a0\u00bb#000000&Prime; inner_shadow=\u00a0\u00bboff\u00a0\u00bb parallax=\u00a0\u00bboff\u00a0\u00bb parallax_method=\u00a0\u00bboff\u00a0\u00bb][et_pb_row][et_pb_column type=\u00a0\u00bb4_4&Prime;][\/et_pb_column][\/et_pb_row][\/et_pb_section]<\/p>\n","protected":false},"excerpt":{"rendered":"<p><div class=\"et_pb_row et_pb_row_0 et_pb_row_empty\">\n\t\t\t\t\n\t\t\t\t\n\t\t\t\t\n\t\t\t\t\n\t\t\t\t\n\t\t\t<\/div> Master Translations (MTS) \u00a0s\u2019engage \u00e0 fournir les services de premi\u00e8re classe de traduction professionnelle et technique, d&rsquo;interpr\u00e9tation, de localisation de logiciels et de sites Web, de PAO (Publication Assist\u00e9e par Ordinateur) multi-langue et de localisation multim\u00e9dia, etc. Nous offrons des services de traduction et des solutions linguistiques de qualit\u00e9 et rentables en chinois et [&hellip;]<\/p>\n","protected":false},"author":1,"featured_media":0,"parent":0,"menu_order":2,"comment_status":"open","ping_status":"closed","template":"","meta":{"_et_pb_use_builder":"on","_et_pb_old_content":"","_et_gb_content_width":"","footnotes":""},"class_list":["post-900","page","type-page","status-publish","hentry"],"aioseo_notices":[],"_links":{"self":[{"href":"https:\/\/www.mts-tech.com\/fr\/wp-json\/wp\/v2\/pages\/900","targetHints":{"allow":["GET"]}}],"collection":[{"href":"https:\/\/www.mts-tech.com\/fr\/wp-json\/wp\/v2\/pages"}],"about":[{"href":"https:\/\/www.mts-tech.com\/fr\/wp-json\/wp\/v2\/types\/page"}],"author":[{"embeddable":true,"href":"https:\/\/www.mts-tech.com\/fr\/wp-json\/wp\/v2\/users\/1"}],"replies":[{"embeddable":true,"href":"https:\/\/www.mts-tech.com\/fr\/wp-json\/wp\/v2\/comments?post=900"}],"version-history":[{"count":6,"href":"https:\/\/www.mts-tech.com\/fr\/wp-json\/wp\/v2\/pages\/900\/revisions"}],"predecessor-version":[{"id":6044,"href":"https:\/\/www.mts-tech.com\/fr\/wp-json\/wp\/v2\/pages\/900\/revisions\/6044"}],"wp:attachment":[{"href":"https:\/\/www.mts-tech.com\/fr\/wp-json\/wp\/v2\/media?parent=900"}],"curies":[{"name":"wp","href":"https:\/\/api.w.org\/{rel}","templated":true}]}}